{"id":5152,"date":"2023-01-24T15:45:15","date_gmt":"2023-01-24T14:45:15","guid":{"rendered":"https:\/\/www.soniaoart.com\/?post_type=product&#038;p=5152"},"modified":"2023-05-18T09:40:26","modified_gmt":"2023-05-18T07:40:26","slug":"flamenco-passion-3","status":"publish","type":"product","link":"https:\/\/www.soniaoart.com\/fr_fr\/product\/flamenco-passion-3\/","title":{"rendered":"Flamenco Pasi\u00f3n 3"},"content":{"rendered":"","protected":false},"excerpt":{"rendered":"<h4>Titre : Flamenco Pasi\u00f3n 3<\/h4>\n<p><strong>Technique : <\/strong>Peinture acrylique sur toile<strong><br \/>\nSupport :<\/strong> Ch\u00e2ssis Entoil\u00e9<br \/>\n<strong>Dimensions\u00a0:<\/strong> 60&#215;80 cm<br \/>\n<strong>Finition :<\/strong> R\u00e9sine<br \/>\n<strong>Ann\u00e9e de r\u00e9alisation\u00a0:<\/strong> 2023<\/p>\n<p><strong><em>\u0152uvre unique livr\u00e9e avec son certificat d&#8217;authenticit\u00e9.<\/em><\/strong><\/p>\n<p>&nbsp;<\/p>\n","protected":false},"featured_media":5150,"template":"","meta":{"_acf_changed":false},"product_brand":[],"product_cat":[22],"product_tag":[],"class_list":{"0":"post-5152","1":"product","2":"type-product","3":"status-publish","4":"has-post-thumbnail","6":"product_cat-toiles","8":"first","9":"instock","10":"sold-individually","11":"shipping-taxable","12":"purchasable","13":"product-type-simple"},"acf":[],"yoast_head":"<!-- This site is optimized with the Yoast SEO plugin v27.3 - https:\/\/yoast.com\/product\/yoast-seo-wordpress\/ -->\n<title>Flamenco Pasi\u00f3n 3 - Soniaoart<\/title>\n<meta name=\"robots\" content=\"index, follow, max-snippet:-1, max-image-preview:large, max-video-preview:-1\" \/>\n<link rel=\"canonical\" href=\"https:\/\/www.soniaoart.com\/fr_fr\/product\/flamenco-passion-3\/\" \/>\n<meta property=\"og:locale\" content=\"fr_FR\" \/>\n<meta property=\"og:type\" content=\"article\" \/>\n<meta property=\"og:title\" content=\"Flamenco Pasi\u00f3n 3 - Soniaoart\" \/>\n<meta property=\"og:description\" content=\"Titre : Flamenco Pasi\u00f3n 3 Technique : Peinture acrylique sur toile Support : Ch\u00e2ssis Entoil\u00e9 Dimensions\u00a0: 60x80 cm Finition : R\u00e9sine Ann\u00e9e de r\u00e9alisation\u00a0: 2023  \u0152uvre unique livr\u00e9e avec son certificat d&#039;authenticit\u00e9.  &nbsp;\" \/>\n<meta property=\"og:url\" content=\"https:\/\/www.soniaoart.com\/fr_fr\/product\/flamenco-passion-3\/\" \/>\n<meta property=\"og:site_name\" content=\"Soniaoart\" \/>\n<meta property=\"article:modified_time\" content=\"2023-05-18T07:40:26+00:00\" \/>\n<meta property=\"og:image\" content=\"https:\/\/www.soniaoart.com\/wp-content\/uploads\/2023\/01\/IMG_20230124_145216_163_copy_768x960.jpg\" \/>\n\t<meta property=\"og:image:width\" content=\"768\" \/>\n\t<meta property=\"og:image:height\" content=\"960\" \/>\n\t<meta property=\"og:image:type\" content=\"image\/jpeg\" \/>\n<meta name=\"twitter:card\" content=\"summary_large_image\" \/>\n<script type=\"application\/ld+json\" class=\"yoast-schema-graph\">{\"@context\":\"https:\\\/\\\/schema.org\",\"@graph\":[{\"@type\":\"WebPage\",\"@id\":\"https:\\\/\\\/www.soniaoart.com\\\/product\\\/flamenco-passion-3\\\/\",\"url\":\"https:\\\/\\\/www.soniaoart.com\\\/product\\\/flamenco-passion-3\\\/\",\"name\":\"Flamenco Pasi\u00f3n 3 - Soniaoart\",\"isPartOf\":{\"@id\":\"https:\\\/\\\/www.soniaoart.com\\\/fr_fr\\\/#website\"},\"primaryImageOfPage\":{\"@id\":\"https:\\\/\\\/www.soniaoart.com\\\/product\\\/flamenco-passion-3\\\/#primaryimage\"},\"image\":{\"@id\":\"https:\\\/\\\/www.soniaoart.com\\\/product\\\/flamenco-passion-3\\\/#primaryimage\"},\"thumbnailUrl\":\"https:\\\/\\\/www.soniaoart.com\\\/wp-content\\\/uploads\\\/2023\\\/01\\\/IMG_20230124_145216_163_copy_768x960.jpg\",\"datePublished\":\"2023-01-24T14:45:15+00:00\",\"dateModified\":\"2023-05-18T07:40:26+00:00\",\"breadcrumb\":{\"@id\":\"https:\\\/\\\/www.soniaoart.com\\\/product\\\/flamenco-passion-3\\\/#breadcrumb\"},\"inLanguage\":\"fr-FR\",\"potentialAction\":[{\"@type\":\"ReadAction\",\"target\":[\"https:\\\/\\\/www.soniaoart.com\\\/product\\\/flamenco-passion-3\\\/\"]}]},{\"@type\":\"ImageObject\",\"inLanguage\":\"fr-FR\",\"@id\":\"https:\\\/\\\/www.soniaoart.com\\\/product\\\/flamenco-passion-3\\\/#primaryimage\",\"url\":\"https:\\\/\\\/www.soniaoart.com\\\/wp-content\\\/uploads\\\/2023\\\/01\\\/IMG_20230124_145216_163_copy_768x960.jpg\",\"contentUrl\":\"https:\\\/\\\/www.soniaoart.com\\\/wp-content\\\/uploads\\\/2023\\\/01\\\/IMG_20230124_145216_163_copy_768x960.jpg\",\"width\":768,\"height\":960},{\"@type\":\"BreadcrumbList\",\"@id\":\"https:\\\/\\\/www.soniaoart.com\\\/product\\\/flamenco-passion-3\\\/#breadcrumb\",\"itemListElement\":[{\"@type\":\"ListItem\",\"position\":1,\"name\":\"Accueil\",\"item\":\"https:\\\/\\\/www.soniaoart.com\\\/fr_fr\\\/\"},{\"@type\":\"ListItem\",\"position\":2,\"name\":\"Shop\",\"item\":\"https:\\\/\\\/www.soniaoart.com\\\/shop\\\/\"},{\"@type\":\"ListItem\",\"position\":3,\"name\":\"Flamenco Pasi\u00f3n 3\"}]},{\"@type\":\"WebSite\",\"@id\":\"https:\\\/\\\/www.soniaoart.com\\\/fr_fr\\\/#website\",\"url\":\"https:\\\/\\\/www.soniaoart.com\\\/fr_fr\\\/\",\"name\":\"Soniaoart\",\"description\":\"Artiste Fran\u00e7aise, Peinture sur toiles &amp; Street Art\",\"potentialAction\":[{\"@type\":\"SearchAction\",\"target\":{\"@type\":\"EntryPoint\",\"urlTemplate\":\"https:\\\/\\\/www.soniaoart.com\\\/fr_fr\\\/?s={search_term_string}\"},\"query-input\":{\"@type\":\"PropertyValueSpecification\",\"valueRequired\":true,\"valueName\":\"search_term_string\"}}],\"inLanguage\":\"fr-FR\"}]}<\/script>\n<!-- \/ Yoast SEO plugin. -->","yoast_head_json":{"title":"Flamenco Pasi\u00f3n 3 - Soniaoart","robots":{"index":"index","follow":"follow","max-snippet":"max-snippet:-1","max-image-preview":"max-image-preview:large","max-video-preview":"max-video-preview:-1"},"canonical":"https:\/\/www.soniaoart.com\/fr_fr\/product\/flamenco-passion-3\/","og_locale":"fr_FR","og_type":"article","og_title":"Flamenco Pasi\u00f3n 3 - Soniaoart","og_description":"Titre : Flamenco Pasi\u00f3n 3 Technique : Peinture acrylique sur toile Support : Ch\u00e2ssis Entoil\u00e9 Dimensions\u00a0: 60x80 cm Finition : R\u00e9sine Ann\u00e9e de r\u00e9alisation\u00a0: 2023  \u0152uvre unique livr\u00e9e avec son certificat d'authenticit\u00e9.  &nbsp;","og_url":"https:\/\/www.soniaoart.com\/fr_fr\/product\/flamenco-passion-3\/","og_site_name":"Soniaoart","article_modified_time":"2023-05-18T07:40:26+00:00","og_image":[{"width":768,"height":960,"url":"https:\/\/www.soniaoart.com\/wp-content\/uploads\/2023\/01\/IMG_20230124_145216_163_copy_768x960.jpg","type":"image\/jpeg"}],"twitter_card":"summary_large_image","schema":{"@context":"https:\/\/schema.org","@graph":[{"@type":"WebPage","@id":"https:\/\/www.soniaoart.com\/product\/flamenco-passion-3\/","url":"https:\/\/www.soniaoart.com\/product\/flamenco-passion-3\/","name":"Flamenco Pasi\u00f3n 3 - Soniaoart","isPartOf":{"@id":"https:\/\/www.soniaoart.com\/fr_fr\/#website"},"primaryImageOfPage":{"@id":"https:\/\/www.soniaoart.com\/product\/flamenco-passion-3\/#primaryimage"},"image":{"@id":"https:\/\/www.soniaoart.com\/product\/flamenco-passion-3\/#primaryimage"},"thumbnailUrl":"https:\/\/www.soniaoart.com\/wp-content\/uploads\/2023\/01\/IMG_20230124_145216_163_copy_768x960.jpg","datePublished":"2023-01-24T14:45:15+00:00","dateModified":"2023-05-18T07:40:26+00:00","breadcrumb":{"@id":"https:\/\/www.soniaoart.com\/product\/flamenco-passion-3\/#breadcrumb"},"inLanguage":"fr-FR","potentialAction":[{"@type":"ReadAction","target":["https:\/\/www.soniaoart.com\/product\/flamenco-passion-3\/"]}]},{"@type":"ImageObject","inLanguage":"fr-FR","@id":"https:\/\/www.soniaoart.com\/product\/flamenco-passion-3\/#primaryimage","url":"https:\/\/www.soniaoart.com\/wp-content\/uploads\/2023\/01\/IMG_20230124_145216_163_copy_768x960.jpg","contentUrl":"https:\/\/www.soniaoart.com\/wp-content\/uploads\/2023\/01\/IMG_20230124_145216_163_copy_768x960.jpg","width":768,"height":960},{"@type":"BreadcrumbList","@id":"https:\/\/www.soniaoart.com\/product\/flamenco-passion-3\/#breadcrumb","itemListElement":[{"@type":"ListItem","position":1,"name":"Accueil","item":"https:\/\/www.soniaoart.com\/fr_fr\/"},{"@type":"ListItem","position":2,"name":"Shop","item":"https:\/\/www.soniaoart.com\/shop\/"},{"@type":"ListItem","position":3,"name":"Flamenco Pasi\u00f3n 3"}]},{"@type":"WebSite","@id":"https:\/\/www.soniaoart.com\/fr_fr\/#website","url":"https:\/\/www.soniaoart.com\/fr_fr\/","name":"Soniaoart","description":"Artiste Fran\u00e7aise, Peinture sur toiles &amp; Street Art","potentialAction":[{"@type":"SearchAction","target":{"@type":"EntryPoint","urlTemplate":"https:\/\/www.soniaoart.com\/fr_fr\/?s={search_term_string}"},"query-input":{"@type":"PropertyValueSpecification","valueRequired":true,"valueName":"search_term_string"}}],"inLanguage":"fr-FR"}]}},"_links":{"self":[{"href":"https:\/\/www.soniaoart.com\/fr_fr\/wp-json\/wp\/v2\/product\/5152","targetHints":{"allow":["GET"]}}],"collection":[{"href":"https:\/\/www.soniaoart.com\/fr_fr\/wp-json\/wp\/v2\/product"}],"about":[{"href":"https:\/\/www.soniaoart.com\/fr_fr\/wp-json\/wp\/v2\/types\/product"}],"wp:featuredmedia":[{"embeddable":true,"href":"https:\/\/www.soniaoart.com\/fr_fr\/wp-json\/wp\/v2\/media\/5150"}],"wp:attachment":[{"href":"https:\/\/www.soniaoart.com\/fr_fr\/wp-json\/wp\/v2\/media?parent=5152"}],"wp:term":[{"taxonomy":"product_brand","embeddable":true,"href":"https:\/\/www.soniaoart.com\/fr_fr\/wp-json\/wp\/v2\/product_brand?post=5152"},{"taxonomy":"product_cat","embeddable":true,"href":"https:\/\/www.soniaoart.com\/fr_fr\/wp-json\/wp\/v2\/product_cat?post=5152"},{"taxonomy":"product_tag","embeddable":true,"href":"https:\/\/www.soniaoart.com\/fr_fr\/wp-json\/wp\/v2\/product_tag?post=5152"}],"curies":[{"name":"wp","href":"https:\/\/api.w.org\/{rel}","templated":true}]}}