{"id":5099,"date":"2022-07-29T18:48:08","date_gmt":"2022-07-29T16:48:08","guid":{"rendered":"https:\/\/www.soniaoart.com\/?post_type=product&#038;p=5099"},"modified":"2025-04-14T12:32:12","modified_gmt":"2025-04-14T10:32:12","slug":"promesses-de-l-aube","status":"publish","type":"product","link":"https:\/\/www.soniaoart.com\/fr_fr\/product\/promesses-de-l-aube\/","title":{"rendered":"PROMESSES DE L&#8217;AUBE"},"content":{"rendered":"","protected":false},"excerpt":{"rendered":"<h2><span style=\"color: #e33d3d;\">Titre : PROMESSES DE L&#8217;AUBE<br \/>\n<\/span><\/h2>\n<p><strong>Technique et mat\u00e9riaux :<\/strong> Impressions Fine Art Editions Limit\u00e9es<br \/>\n<strong>Support : <\/strong>Papier Fine Art Hahnem\u00fchle Chanvre 290g<br \/>\n<strong>Edition : <\/strong><a href=\"https:\/\/www.lebolabo.com\/\" target=\"_blank\" rel=\"noopener\">Le Bolabo<\/a><br \/>\n<strong>Format : <\/strong>40X50<br \/>\n<strong>Ann\u00e9e de r\u00e9alisation\u00a0:<\/strong> 2021<br \/>\n<strong>Nombre d&#8217;exemplaires :<\/strong> 10<br \/>\n<strong>Emplacement de la signature\u00a0:<\/strong> Sign\u00e9 et num\u00e9rot\u00e9 \u00e0 la main en bas \u00e0 droite<br \/>\n<b>Exp\u00e9dition :<\/b> Colisage en tube<\/p>\n","protected":false},"featured_media":5105,"template":"","meta":{"_acf_changed":false},"product_brand":[],"product_cat":[26],"product_tag":[],"class_list":{"0":"post-5099","1":"product","2":"type-product","3":"status-publish","4":"has-post-thumbnail","6":"product_cat-impression-fine-art","8":"first","9":"instock","10":"shipping-taxable","11":"purchasable","12":"product-type-simple"},"acf":[],"yoast_head":"<!-- This site is optimized with the Yoast SEO plugin v27.4 - https:\/\/yoast.com\/product\/yoast-seo-wordpress\/ -->\n<title>PROMESSES DE L&#039;AUBE - Soniaoart<\/title>\n<meta name=\"robots\" content=\"index, follow, max-snippet:-1, max-image-preview:large, max-video-preview:-1\" \/>\n<link rel=\"canonical\" href=\"https:\/\/www.soniaoart.com\/fr_fr\/product\/promesses-de-l-aube\/\" \/>\n<meta property=\"og:locale\" content=\"fr_FR\" \/>\n<meta property=\"og:type\" content=\"article\" \/>\n<meta property=\"og:title\" content=\"PROMESSES DE L&#039;AUBE - Soniaoart\" \/>\n<meta property=\"og:description\" content=\"Titre : PROMESSES DE L&#039;AUBE  Technique et mat\u00e9riaux : Impressions Fine Art Editions Limit\u00e9es Support : Papier Fine Art Hahnem\u00fchle Chanvre 290g Edition : Le Bolabo Format : 40X50 Ann\u00e9e de r\u00e9alisation\u00a0: 2021 Nombre d&#039;exemplaires : 10 Emplacement de la signature\u00a0: Sign\u00e9 et num\u00e9rot\u00e9 \u00e0 la main en bas \u00e0 droite Exp\u00e9dition : Colisage en tube\" \/>\n<meta property=\"og:url\" content=\"https:\/\/www.soniaoart.com\/fr_fr\/product\/promesses-de-l-aube\/\" \/>\n<meta property=\"og:site_name\" content=\"Soniaoart\" \/>\n<meta property=\"article:modified_time\" content=\"2025-04-14T10:32:12+00:00\" \/>\n<meta property=\"og:image\" content=\"https:\/\/www.soniaoart.com\/wp-content\/uploads\/2022\/07\/IMG_20220729_192548_088_copy_768x939.jpg\" \/>\n\t<meta property=\"og:image:width\" content=\"768\" \/>\n\t<meta property=\"og:image:height\" content=\"939\" \/>\n\t<meta property=\"og:image:type\" content=\"image\/jpeg\" \/>\n<meta name=\"twitter:card\" content=\"summary_large_image\" \/>\n<script type=\"application\/ld+json\" class=\"yoast-schema-graph\">{\"@context\":\"https:\\\/\\\/schema.org\",\"@graph\":[{\"@type\":\"WebPage\",\"@id\":\"https:\\\/\\\/www.soniaoart.com\\\/product\\\/promesses-de-l-aube\\\/\",\"url\":\"https:\\\/\\\/www.soniaoart.com\\\/product\\\/promesses-de-l-aube\\\/\",\"name\":\"PROMESSES DE L'AUBE - Soniaoart\",\"isPartOf\":{\"@id\":\"https:\\\/\\\/www.soniaoart.com\\\/fr_fr\\\/#website\"},\"primaryImageOfPage\":{\"@id\":\"https:\\\/\\\/www.soniaoart.com\\\/product\\\/promesses-de-l-aube\\\/#primaryimage\"},\"image\":{\"@id\":\"https:\\\/\\\/www.soniaoart.com\\\/product\\\/promesses-de-l-aube\\\/#primaryimage\"},\"thumbnailUrl\":\"https:\\\/\\\/www.soniaoart.com\\\/wp-content\\\/uploads\\\/2022\\\/07\\\/IMG_20220729_192548_088_copy_768x939.jpg\",\"datePublished\":\"2022-07-29T16:48:08+00:00\",\"dateModified\":\"2025-04-14T10:32:12+00:00\",\"breadcrumb\":{\"@id\":\"https:\\\/\\\/www.soniaoart.com\\\/product\\\/promesses-de-l-aube\\\/#breadcrumb\"},\"inLanguage\":\"fr-FR\",\"potentialAction\":[{\"@type\":\"ReadAction\",\"target\":[\"https:\\\/\\\/www.soniaoart.com\\\/product\\\/promesses-de-l-aube\\\/\"]}]},{\"@type\":\"ImageObject\",\"inLanguage\":\"fr-FR\",\"@id\":\"https:\\\/\\\/www.soniaoart.com\\\/product\\\/promesses-de-l-aube\\\/#primaryimage\",\"url\":\"https:\\\/\\\/www.soniaoart.com\\\/wp-content\\\/uploads\\\/2022\\\/07\\\/IMG_20220729_192548_088_copy_768x939.jpg\",\"contentUrl\":\"https:\\\/\\\/www.soniaoart.com\\\/wp-content\\\/uploads\\\/2022\\\/07\\\/IMG_20220729_192548_088_copy_768x939.jpg\",\"width\":768,\"height\":939},{\"@type\":\"BreadcrumbList\",\"@id\":\"https:\\\/\\\/www.soniaoart.com\\\/product\\\/promesses-de-l-aube\\\/#breadcrumb\",\"itemListElement\":[{\"@type\":\"ListItem\",\"position\":1,\"name\":\"Accueil\",\"item\":\"https:\\\/\\\/www.soniaoart.com\\\/fr_fr\\\/\"},{\"@type\":\"ListItem\",\"position\":2,\"name\":\"Shop\",\"item\":\"https:\\\/\\\/www.soniaoart.com\\\/shop\\\/\"},{\"@type\":\"ListItem\",\"position\":3,\"name\":\"PROMESSES DE L&#8217;AUBE\"}]},{\"@type\":\"WebSite\",\"@id\":\"https:\\\/\\\/www.soniaoart.com\\\/fr_fr\\\/#website\",\"url\":\"https:\\\/\\\/www.soniaoart.com\\\/fr_fr\\\/\",\"name\":\"Soniaoart\",\"description\":\"Artiste Fran\u00e7aise, Peinture sur toiles &amp; Street Art\",\"potentialAction\":[{\"@type\":\"SearchAction\",\"target\":{\"@type\":\"EntryPoint\",\"urlTemplate\":\"https:\\\/\\\/www.soniaoart.com\\\/fr_fr\\\/?s={search_term_string}\"},\"query-input\":{\"@type\":\"PropertyValueSpecification\",\"valueRequired\":true,\"valueName\":\"search_term_string\"}}],\"inLanguage\":\"fr-FR\"}]}<\/script>\n<!-- \/ Yoast SEO plugin. -->","yoast_head_json":{"title":"PROMESSES DE L'AUBE - Soniaoart","robots":{"index":"index","follow":"follow","max-snippet":"max-snippet:-1","max-image-preview":"max-image-preview:large","max-video-preview":"max-video-preview:-1"},"canonical":"https:\/\/www.soniaoart.com\/fr_fr\/product\/promesses-de-l-aube\/","og_locale":"fr_FR","og_type":"article","og_title":"PROMESSES DE L'AUBE - Soniaoart","og_description":"Titre : PROMESSES DE L'AUBE  Technique et mat\u00e9riaux : Impressions Fine Art Editions Limit\u00e9es Support : Papier Fine Art Hahnem\u00fchle Chanvre 290g Edition : Le Bolabo Format : 40X50 Ann\u00e9e de r\u00e9alisation\u00a0: 2021 Nombre d'exemplaires : 10 Emplacement de la signature\u00a0: Sign\u00e9 et num\u00e9rot\u00e9 \u00e0 la main en bas \u00e0 droite Exp\u00e9dition : Colisage en tube","og_url":"https:\/\/www.soniaoart.com\/fr_fr\/product\/promesses-de-l-aube\/","og_site_name":"Soniaoart","article_modified_time":"2025-04-14T10:32:12+00:00","og_image":[{"width":768,"height":939,"url":"https:\/\/www.soniaoart.com\/wp-content\/uploads\/2022\/07\/IMG_20220729_192548_088_copy_768x939.jpg","type":"image\/jpeg"}],"twitter_card":"summary_large_image","schema":{"@context":"https:\/\/schema.org","@graph":[{"@type":"WebPage","@id":"https:\/\/www.soniaoart.com\/product\/promesses-de-l-aube\/","url":"https:\/\/www.soniaoart.com\/product\/promesses-de-l-aube\/","name":"PROMESSES DE L'AUBE - Soniaoart","isPartOf":{"@id":"https:\/\/www.soniaoart.com\/fr_fr\/#website"},"primaryImageOfPage":{"@id":"https:\/\/www.soniaoart.com\/product\/promesses-de-l-aube\/#primaryimage"},"image":{"@id":"https:\/\/www.soniaoart.com\/product\/promesses-de-l-aube\/#primaryimage"},"thumbnailUrl":"https:\/\/www.soniaoart.com\/wp-content\/uploads\/2022\/07\/IMG_20220729_192548_088_copy_768x939.jpg","datePublished":"2022-07-29T16:48:08+00:00","dateModified":"2025-04-14T10:32:12+00:00","breadcrumb":{"@id":"https:\/\/www.soniaoart.com\/product\/promesses-de-l-aube\/#breadcrumb"},"inLanguage":"fr-FR","potentialAction":[{"@type":"ReadAction","target":["https:\/\/www.soniaoart.com\/product\/promesses-de-l-aube\/"]}]},{"@type":"ImageObject","inLanguage":"fr-FR","@id":"https:\/\/www.soniaoart.com\/product\/promesses-de-l-aube\/#primaryimage","url":"https:\/\/www.soniaoart.com\/wp-content\/uploads\/2022\/07\/IMG_20220729_192548_088_copy_768x939.jpg","contentUrl":"https:\/\/www.soniaoart.com\/wp-content\/uploads\/2022\/07\/IMG_20220729_192548_088_copy_768x939.jpg","width":768,"height":939},{"@type":"BreadcrumbList","@id":"https:\/\/www.soniaoart.com\/product\/promesses-de-l-aube\/#breadcrumb","itemListElement":[{"@type":"ListItem","position":1,"name":"Accueil","item":"https:\/\/www.soniaoart.com\/fr_fr\/"},{"@type":"ListItem","position":2,"name":"Shop","item":"https:\/\/www.soniaoart.com\/shop\/"},{"@type":"ListItem","position":3,"name":"PROMESSES DE L&#8217;AUBE"}]},{"@type":"WebSite","@id":"https:\/\/www.soniaoart.com\/fr_fr\/#website","url":"https:\/\/www.soniaoart.com\/fr_fr\/","name":"Soniaoart","description":"Artiste Fran\u00e7aise, Peinture sur toiles &amp; Street Art","potentialAction":[{"@type":"SearchAction","target":{"@type":"EntryPoint","urlTemplate":"https:\/\/www.soniaoart.com\/fr_fr\/?s={search_term_string}"},"query-input":{"@type":"PropertyValueSpecification","valueRequired":true,"valueName":"search_term_string"}}],"inLanguage":"fr-FR"}]}},"_links":{"self":[{"href":"https:\/\/www.soniaoart.com\/fr_fr\/wp-json\/wp\/v2\/product\/5099","targetHints":{"allow":["GET"]}}],"collection":[{"href":"https:\/\/www.soniaoart.com\/fr_fr\/wp-json\/wp\/v2\/product"}],"about":[{"href":"https:\/\/www.soniaoart.com\/fr_fr\/wp-json\/wp\/v2\/types\/product"}],"wp:featuredmedia":[{"embeddable":true,"href":"https:\/\/www.soniaoart.com\/fr_fr\/wp-json\/wp\/v2\/media\/5105"}],"wp:attachment":[{"href":"https:\/\/www.soniaoart.com\/fr_fr\/wp-json\/wp\/v2\/media?parent=5099"}],"wp:term":[{"taxonomy":"product_brand","embeddable":true,"href":"https:\/\/www.soniaoart.com\/fr_fr\/wp-json\/wp\/v2\/product_brand?post=5099"},{"taxonomy":"product_cat","embeddable":true,"href":"https:\/\/www.soniaoart.com\/fr_fr\/wp-json\/wp\/v2\/product_cat?post=5099"},{"taxonomy":"product_tag","embeddable":true,"href":"https:\/\/www.soniaoart.com\/fr_fr\/wp-json\/wp\/v2\/product_tag?post=5099"}],"curies":[{"name":"wp","href":"https:\/\/api.w.org\/{rel}","templated":true}]}}