{"id":4937,"date":"2022-04-30T07:38:50","date_gmt":"2022-04-30T05:38:50","guid":{"rendered":"https:\/\/www.soniaoart.com\/?post_type=product&#038;p=4937"},"modified":"2025-04-15T07:34:37","modified_gmt":"2025-04-15T05:34:37","slug":"la-fiancee","status":"publish","type":"product","link":"https:\/\/www.soniaoart.com\/fr_fr\/product\/la-fiancee\/","title":{"rendered":"La fianc\u00e9e"},"content":{"rendered":"","protected":false},"excerpt":{"rendered":"<h4>Titre : La fianc\u00e9e<\/h4>\n<p><strong>Technique : <\/strong>Peinture acrylique sur vieux journaux<strong><br \/>\nSupport :<\/strong> Ch\u00e2ssis Entoil\u00e9<br \/>\n<strong>Dimensions\u00a0:<\/strong> 40&#215;30 cm<br \/>\n<strong>Finition :<\/strong> Vernis bombe<br \/>\n<strong>Ann\u00e9e de r\u00e9alisation\u00a0:<\/strong> 2021<\/p>\n<p>&nbsp;<\/p>\n<p><strong><em>\u0152uvre unique livr\u00e9e avec son certificat d&#8217;authenticit\u00e9.<\/em><\/strong><\/p>\n<p>&nbsp;<\/p>\n","protected":false},"featured_media":4885,"template":"","meta":{"_acf_changed":false},"product_brand":[],"product_cat":[22],"product_tag":[],"class_list":{"0":"post-4937","1":"product","2":"type-product","3":"status-publish","4":"has-post-thumbnail","6":"product_cat-toiles","8":"first","9":"instock","10":"sold-individually","11":"shipping-taxable","12":"purchasable","13":"product-type-simple"},"acf":[],"yoast_head":"<!-- This site is optimized with the Yoast SEO plugin v27.3 - https:\/\/yoast.com\/product\/yoast-seo-wordpress\/ -->\n<title>La fianc\u00e9e - Soniaoart<\/title>\n<meta name=\"robots\" content=\"index, follow, max-snippet:-1, max-image-preview:large, max-video-preview:-1\" \/>\n<link rel=\"canonical\" href=\"https:\/\/www.soniaoart.com\/fr_fr\/product\/la-fiancee\/\" \/>\n<meta property=\"og:locale\" content=\"fr_FR\" \/>\n<meta property=\"og:type\" content=\"article\" \/>\n<meta property=\"og:title\" content=\"La fianc\u00e9e - Soniaoart\" \/>\n<meta property=\"og:description\" content=\"Titre : La fianc\u00e9e Technique : Peinture acrylique sur vieux journaux Support : Ch\u00e2ssis Entoil\u00e9 Dimensions\u00a0: 40x30 cm Finition : Vernis bombe Ann\u00e9e de r\u00e9alisation\u00a0: 2021  &nbsp;  \u0152uvre unique livr\u00e9e avec son certificat d&#039;authenticit\u00e9.  &nbsp;\" \/>\n<meta property=\"og:url\" content=\"https:\/\/www.soniaoart.com\/fr_fr\/product\/la-fiancee\/\" \/>\n<meta property=\"og:site_name\" content=\"Soniaoart\" \/>\n<meta property=\"article:modified_time\" content=\"2025-04-15T05:34:37+00:00\" \/>\n<meta property=\"og:image\" content=\"https:\/\/www.soniaoart.com\/wp-content\/uploads\/2022\/04\/La-Fiancee-40x30_800-1.jpg\" \/>\n\t<meta property=\"og:image:width\" content=\"800\" \/>\n\t<meta property=\"og:image:height\" content=\"1046\" \/>\n\t<meta property=\"og:image:type\" content=\"image\/jpeg\" \/>\n<meta name=\"twitter:card\" content=\"summary_large_image\" \/>\n<script type=\"application\/ld+json\" class=\"yoast-schema-graph\">{\"@context\":\"https:\\\/\\\/schema.org\",\"@graph\":[{\"@type\":\"WebPage\",\"@id\":\"https:\\\/\\\/www.soniaoart.com\\\/product\\\/la-fiancee\\\/\",\"url\":\"https:\\\/\\\/www.soniaoart.com\\\/product\\\/la-fiancee\\\/\",\"name\":\"La fianc\u00e9e - Soniaoart\",\"isPartOf\":{\"@id\":\"https:\\\/\\\/www.soniaoart.com\\\/fr_fr\\\/#website\"},\"primaryImageOfPage\":{\"@id\":\"https:\\\/\\\/www.soniaoart.com\\\/product\\\/la-fiancee\\\/#primaryimage\"},\"image\":{\"@id\":\"https:\\\/\\\/www.soniaoart.com\\\/product\\\/la-fiancee\\\/#primaryimage\"},\"thumbnailUrl\":\"https:\\\/\\\/www.soniaoart.com\\\/wp-content\\\/uploads\\\/2022\\\/04\\\/La-Fiancee-40x30_800-1.jpg\",\"datePublished\":\"2022-04-30T05:38:50+00:00\",\"dateModified\":\"2025-04-15T05:34:37+00:00\",\"breadcrumb\":{\"@id\":\"https:\\\/\\\/www.soniaoart.com\\\/product\\\/la-fiancee\\\/#breadcrumb\"},\"inLanguage\":\"fr-FR\",\"potentialAction\":[{\"@type\":\"ReadAction\",\"target\":[\"https:\\\/\\\/www.soniaoart.com\\\/product\\\/la-fiancee\\\/\"]}]},{\"@type\":\"ImageObject\",\"inLanguage\":\"fr-FR\",\"@id\":\"https:\\\/\\\/www.soniaoart.com\\\/product\\\/la-fiancee\\\/#primaryimage\",\"url\":\"https:\\\/\\\/www.soniaoart.com\\\/wp-content\\\/uploads\\\/2022\\\/04\\\/La-Fiancee-40x30_800-1.jpg\",\"contentUrl\":\"https:\\\/\\\/www.soniaoart.com\\\/wp-content\\\/uploads\\\/2022\\\/04\\\/La-Fiancee-40x30_800-1.jpg\",\"width\":800,\"height\":1046},{\"@type\":\"BreadcrumbList\",\"@id\":\"https:\\\/\\\/www.soniaoart.com\\\/product\\\/la-fiancee\\\/#breadcrumb\",\"itemListElement\":[{\"@type\":\"ListItem\",\"position\":1,\"name\":\"Accueil\",\"item\":\"https:\\\/\\\/www.soniaoart.com\\\/fr_fr\\\/\"},{\"@type\":\"ListItem\",\"position\":2,\"name\":\"Shop\",\"item\":\"https:\\\/\\\/www.soniaoart.com\\\/shop\\\/\"},{\"@type\":\"ListItem\",\"position\":3,\"name\":\"La fianc\u00e9e\"}]},{\"@type\":\"WebSite\",\"@id\":\"https:\\\/\\\/www.soniaoart.com\\\/fr_fr\\\/#website\",\"url\":\"https:\\\/\\\/www.soniaoart.com\\\/fr_fr\\\/\",\"name\":\"Soniaoart\",\"description\":\"Artiste Fran\u00e7aise, Peinture sur toiles &amp; Street Art\",\"potentialAction\":[{\"@type\":\"SearchAction\",\"target\":{\"@type\":\"EntryPoint\",\"urlTemplate\":\"https:\\\/\\\/www.soniaoart.com\\\/fr_fr\\\/?s={search_term_string}\"},\"query-input\":{\"@type\":\"PropertyValueSpecification\",\"valueRequired\":true,\"valueName\":\"search_term_string\"}}],\"inLanguage\":\"fr-FR\"}]}<\/script>\n<!-- \/ Yoast SEO plugin. -->","yoast_head_json":{"title":"La fianc\u00e9e - Soniaoart","robots":{"index":"index","follow":"follow","max-snippet":"max-snippet:-1","max-image-preview":"max-image-preview:large","max-video-preview":"max-video-preview:-1"},"canonical":"https:\/\/www.soniaoart.com\/fr_fr\/product\/la-fiancee\/","og_locale":"fr_FR","og_type":"article","og_title":"La fianc\u00e9e - Soniaoart","og_description":"Titre : La fianc\u00e9e Technique : Peinture acrylique sur vieux journaux Support : Ch\u00e2ssis Entoil\u00e9 Dimensions\u00a0: 40x30 cm Finition : Vernis bombe Ann\u00e9e de r\u00e9alisation\u00a0: 2021  &nbsp;  \u0152uvre unique livr\u00e9e avec son certificat d'authenticit\u00e9.  &nbsp;","og_url":"https:\/\/www.soniaoart.com\/fr_fr\/product\/la-fiancee\/","og_site_name":"Soniaoart","article_modified_time":"2025-04-15T05:34:37+00:00","og_image":[{"width":800,"height":1046,"url":"https:\/\/www.soniaoart.com\/wp-content\/uploads\/2022\/04\/La-Fiancee-40x30_800-1.jpg","type":"image\/jpeg"}],"twitter_card":"summary_large_image","schema":{"@context":"https:\/\/schema.org","@graph":[{"@type":"WebPage","@id":"https:\/\/www.soniaoart.com\/product\/la-fiancee\/","url":"https:\/\/www.soniaoart.com\/product\/la-fiancee\/","name":"La fianc\u00e9e - Soniaoart","isPartOf":{"@id":"https:\/\/www.soniaoart.com\/fr_fr\/#website"},"primaryImageOfPage":{"@id":"https:\/\/www.soniaoart.com\/product\/la-fiancee\/#primaryimage"},"image":{"@id":"https:\/\/www.soniaoart.com\/product\/la-fiancee\/#primaryimage"},"thumbnailUrl":"https:\/\/www.soniaoart.com\/wp-content\/uploads\/2022\/04\/La-Fiancee-40x30_800-1.jpg","datePublished":"2022-04-30T05:38:50+00:00","dateModified":"2025-04-15T05:34:37+00:00","breadcrumb":{"@id":"https:\/\/www.soniaoart.com\/product\/la-fiancee\/#breadcrumb"},"inLanguage":"fr-FR","potentialAction":[{"@type":"ReadAction","target":["https:\/\/www.soniaoart.com\/product\/la-fiancee\/"]}]},{"@type":"ImageObject","inLanguage":"fr-FR","@id":"https:\/\/www.soniaoart.com\/product\/la-fiancee\/#primaryimage","url":"https:\/\/www.soniaoart.com\/wp-content\/uploads\/2022\/04\/La-Fiancee-40x30_800-1.jpg","contentUrl":"https:\/\/www.soniaoart.com\/wp-content\/uploads\/2022\/04\/La-Fiancee-40x30_800-1.jpg","width":800,"height":1046},{"@type":"BreadcrumbList","@id":"https:\/\/www.soniaoart.com\/product\/la-fiancee\/#breadcrumb","itemListElement":[{"@type":"ListItem","position":1,"name":"Accueil","item":"https:\/\/www.soniaoart.com\/fr_fr\/"},{"@type":"ListItem","position":2,"name":"Shop","item":"https:\/\/www.soniaoart.com\/shop\/"},{"@type":"ListItem","position":3,"name":"La fianc\u00e9e"}]},{"@type":"WebSite","@id":"https:\/\/www.soniaoart.com\/fr_fr\/#website","url":"https:\/\/www.soniaoart.com\/fr_fr\/","name":"Soniaoart","description":"Artiste Fran\u00e7aise, Peinture sur toiles &amp; Street Art","potentialAction":[{"@type":"SearchAction","target":{"@type":"EntryPoint","urlTemplate":"https:\/\/www.soniaoart.com\/fr_fr\/?s={search_term_string}"},"query-input":{"@type":"PropertyValueSpecification","valueRequired":true,"valueName":"search_term_string"}}],"inLanguage":"fr-FR"}]}},"_links":{"self":[{"href":"https:\/\/www.soniaoart.com\/fr_fr\/wp-json\/wp\/v2\/product\/4937","targetHints":{"allow":["GET"]}}],"collection":[{"href":"https:\/\/www.soniaoart.com\/fr_fr\/wp-json\/wp\/v2\/product"}],"about":[{"href":"https:\/\/www.soniaoart.com\/fr_fr\/wp-json\/wp\/v2\/types\/product"}],"wp:featuredmedia":[{"embeddable":true,"href":"https:\/\/www.soniaoart.com\/fr_fr\/wp-json\/wp\/v2\/media\/4885"}],"wp:attachment":[{"href":"https:\/\/www.soniaoart.com\/fr_fr\/wp-json\/wp\/v2\/media?parent=4937"}],"wp:term":[{"taxonomy":"product_brand","embeddable":true,"href":"https:\/\/www.soniaoart.com\/fr_fr\/wp-json\/wp\/v2\/product_brand?post=4937"},{"taxonomy":"product_cat","embeddable":true,"href":"https:\/\/www.soniaoart.com\/fr_fr\/wp-json\/wp\/v2\/product_cat?post=4937"},{"taxonomy":"product_tag","embeddable":true,"href":"https:\/\/www.soniaoart.com\/fr_fr\/wp-json\/wp\/v2\/product_tag?post=4937"}],"curies":[{"name":"wp","href":"https:\/\/api.w.org\/{rel}","templated":true}]}}