{"id":4932,"date":"2022-04-29T21:28:19","date_gmt":"2022-04-29T19:28:19","guid":{"rendered":"https:\/\/www.soniaoart.com\/?post_type=product&#038;p=4932"},"modified":"2022-07-29T19:21:55","modified_gmt":"2022-07-29T17:21:55","slug":"defaillances-serie-incomplete","status":"publish","type":"product","link":"https:\/\/www.soniaoart.com\/fr_fr\/product\/defaillances-serie-incomplete\/","title":{"rendered":"D\u00e9faillances &#8211; S\u00e9rie &#8220;Incompl\u00e8te&#8221;"},"content":{"rendered":"","protected":false},"excerpt":{"rendered":"<h4>Titre : D\u00e9faillances &#8211; S\u00e9rie &#8220;Incompl\u00e8te&#8221;<\/h4>\n<p><strong>Technique : <\/strong>Peinture acrylique sur toile<strong><br \/>\nSupport :<\/strong> Ch\u00e2ssis Entoil\u00e9<br \/>\n<strong>Dimensions\u00a0:<\/strong> 60&#215;50 cm<br \/>\n<strong>Finition :<\/strong> Vernis bombe<br \/>\n<strong>Ann\u00e9e de r\u00e9alisation\u00a0:<\/strong> 2022<\/p>\n<p>&nbsp;<\/p>\n<p><strong><em>\u0152uvre unique livr\u00e9e avec son certificat d&#8217;authenticit\u00e9.<\/em><\/strong><\/p>\n<p>&nbsp;<\/p>\n","protected":false},"featured_media":4873,"template":"","meta":{"_acf_changed":false},"product_brand":[],"product_cat":[22],"product_tag":[],"class_list":{"0":"post-4932","1":"product","2":"type-product","3":"status-publish","4":"has-post-thumbnail","6":"product_cat-toiles","8":"first","9":"instock","10":"sold-individually","11":"shipping-taxable","12":"purchasable","13":"product-type-simple"},"acf":[],"yoast_head":"<!-- This site is optimized with the Yoast SEO plugin v27.4 - https:\/\/yoast.com\/product\/yoast-seo-wordpress\/ -->\n<title>D\u00e9faillances - S\u00e9rie &quot;Incompl\u00e8te&quot; - Soniaoart<\/title>\n<meta name=\"robots\" content=\"index, follow, max-snippet:-1, max-image-preview:large, max-video-preview:-1\" \/>\n<link rel=\"canonical\" href=\"https:\/\/www.soniaoart.com\/fr_fr\/product\/defaillances-serie-incomplete\/\" \/>\n<meta property=\"og:locale\" content=\"fr_FR\" \/>\n<meta property=\"og:type\" content=\"article\" \/>\n<meta property=\"og:title\" content=\"D\u00e9faillances - S\u00e9rie &quot;Incompl\u00e8te&quot; - Soniaoart\" \/>\n<meta property=\"og:description\" content=\"Titre : D\u00e9faillances - S\u00e9rie &quot;Incompl\u00e8te&quot; Technique : Peinture acrylique sur toile Support : Ch\u00e2ssis Entoil\u00e9 Dimensions\u00a0: 60x50 cm Finition : Vernis bombe Ann\u00e9e de r\u00e9alisation\u00a0: 2022  &nbsp;  \u0152uvre unique livr\u00e9e avec son certificat d&#039;authenticit\u00e9.  &nbsp;\" \/>\n<meta property=\"og:url\" content=\"https:\/\/www.soniaoart.com\/fr_fr\/product\/defaillances-serie-incomplete\/\" \/>\n<meta property=\"og:site_name\" content=\"Soniaoart\" \/>\n<meta property=\"article:modified_time\" content=\"2022-07-29T17:21:55+00:00\" \/>\n<meta property=\"og:image\" content=\"https:\/\/www.soniaoart.com\/wp-content\/uploads\/2022\/04\/defaillances-60x50-111-1.jpg\" \/>\n\t<meta property=\"og:image:width\" content=\"800\" \/>\n\t<meta property=\"og:image:height\" content=\"1001\" \/>\n\t<meta property=\"og:image:type\" content=\"image\/jpeg\" \/>\n<meta name=\"twitter:card\" content=\"summary_large_image\" \/>\n<script type=\"application\/ld+json\" class=\"yoast-schema-graph\">{\"@context\":\"https:\\\/\\\/schema.org\",\"@graph\":[{\"@type\":\"WebPage\",\"@id\":\"https:\\\/\\\/www.soniaoart.com\\\/product\\\/defaillances-serie-incomplete\\\/\",\"url\":\"https:\\\/\\\/www.soniaoart.com\\\/product\\\/defaillances-serie-incomplete\\\/\",\"name\":\"D\u00e9faillances - S\u00e9rie \\\"Incompl\u00e8te\\\" - Soniaoart\",\"isPartOf\":{\"@id\":\"https:\\\/\\\/www.soniaoart.com\\\/fr_fr\\\/#website\"},\"primaryImageOfPage\":{\"@id\":\"https:\\\/\\\/www.soniaoart.com\\\/product\\\/defaillances-serie-incomplete\\\/#primaryimage\"},\"image\":{\"@id\":\"https:\\\/\\\/www.soniaoart.com\\\/product\\\/defaillances-serie-incomplete\\\/#primaryimage\"},\"thumbnailUrl\":\"https:\\\/\\\/www.soniaoart.com\\\/wp-content\\\/uploads\\\/2022\\\/04\\\/defaillances-60x50-111-1.jpg\",\"datePublished\":\"2022-04-29T19:28:19+00:00\",\"dateModified\":\"2022-07-29T17:21:55+00:00\",\"breadcrumb\":{\"@id\":\"https:\\\/\\\/www.soniaoart.com\\\/product\\\/defaillances-serie-incomplete\\\/#breadcrumb\"},\"inLanguage\":\"fr-FR\",\"potentialAction\":[{\"@type\":\"ReadAction\",\"target\":[\"https:\\\/\\\/www.soniaoart.com\\\/product\\\/defaillances-serie-incomplete\\\/\"]}]},{\"@type\":\"ImageObject\",\"inLanguage\":\"fr-FR\",\"@id\":\"https:\\\/\\\/www.soniaoart.com\\\/product\\\/defaillances-serie-incomplete\\\/#primaryimage\",\"url\":\"https:\\\/\\\/www.soniaoart.com\\\/wp-content\\\/uploads\\\/2022\\\/04\\\/defaillances-60x50-111-1.jpg\",\"contentUrl\":\"https:\\\/\\\/www.soniaoart.com\\\/wp-content\\\/uploads\\\/2022\\\/04\\\/defaillances-60x50-111-1.jpg\",\"width\":800,\"height\":1001},{\"@type\":\"BreadcrumbList\",\"@id\":\"https:\\\/\\\/www.soniaoart.com\\\/product\\\/defaillances-serie-incomplete\\\/#breadcrumb\",\"itemListElement\":[{\"@type\":\"ListItem\",\"position\":1,\"name\":\"Accueil\",\"item\":\"https:\\\/\\\/www.soniaoart.com\\\/fr_fr\\\/\"},{\"@type\":\"ListItem\",\"position\":2,\"name\":\"Shop\",\"item\":\"https:\\\/\\\/www.soniaoart.com\\\/shop\\\/\"},{\"@type\":\"ListItem\",\"position\":3,\"name\":\"D\u00e9faillances &#8211; S\u00e9rie &#8220;Incompl\u00e8te&#8221;\"}]},{\"@type\":\"WebSite\",\"@id\":\"https:\\\/\\\/www.soniaoart.com\\\/fr_fr\\\/#website\",\"url\":\"https:\\\/\\\/www.soniaoart.com\\\/fr_fr\\\/\",\"name\":\"Soniaoart\",\"description\":\"Artiste Fran\u00e7aise, Peinture sur toiles &amp; Street Art\",\"potentialAction\":[{\"@type\":\"SearchAction\",\"target\":{\"@type\":\"EntryPoint\",\"urlTemplate\":\"https:\\\/\\\/www.soniaoart.com\\\/fr_fr\\\/?s={search_term_string}\"},\"query-input\":{\"@type\":\"PropertyValueSpecification\",\"valueRequired\":true,\"valueName\":\"search_term_string\"}}],\"inLanguage\":\"fr-FR\"}]}<\/script>\n<!-- \/ Yoast SEO plugin. -->","yoast_head_json":{"title":"D\u00e9faillances - S\u00e9rie \"Incompl\u00e8te\" - Soniaoart","robots":{"index":"index","follow":"follow","max-snippet":"max-snippet:-1","max-image-preview":"max-image-preview:large","max-video-preview":"max-video-preview:-1"},"canonical":"https:\/\/www.soniaoart.com\/fr_fr\/product\/defaillances-serie-incomplete\/","og_locale":"fr_FR","og_type":"article","og_title":"D\u00e9faillances - S\u00e9rie \"Incompl\u00e8te\" - Soniaoart","og_description":"Titre : D\u00e9faillances - S\u00e9rie \"Incompl\u00e8te\" Technique : Peinture acrylique sur toile Support : Ch\u00e2ssis Entoil\u00e9 Dimensions\u00a0: 60x50 cm Finition : Vernis bombe Ann\u00e9e de r\u00e9alisation\u00a0: 2022  &nbsp;  \u0152uvre unique livr\u00e9e avec son certificat d'authenticit\u00e9.  &nbsp;","og_url":"https:\/\/www.soniaoart.com\/fr_fr\/product\/defaillances-serie-incomplete\/","og_site_name":"Soniaoart","article_modified_time":"2022-07-29T17:21:55+00:00","og_image":[{"width":800,"height":1001,"url":"https:\/\/www.soniaoart.com\/wp-content\/uploads\/2022\/04\/defaillances-60x50-111-1.jpg","type":"image\/jpeg"}],"twitter_card":"summary_large_image","schema":{"@context":"https:\/\/schema.org","@graph":[{"@type":"WebPage","@id":"https:\/\/www.soniaoart.com\/product\/defaillances-serie-incomplete\/","url":"https:\/\/www.soniaoart.com\/product\/defaillances-serie-incomplete\/","name":"D\u00e9faillances - S\u00e9rie \"Incompl\u00e8te\" - Soniaoart","isPartOf":{"@id":"https:\/\/www.soniaoart.com\/fr_fr\/#website"},"primaryImageOfPage":{"@id":"https:\/\/www.soniaoart.com\/product\/defaillances-serie-incomplete\/#primaryimage"},"image":{"@id":"https:\/\/www.soniaoart.com\/product\/defaillances-serie-incomplete\/#primaryimage"},"thumbnailUrl":"https:\/\/www.soniaoart.com\/wp-content\/uploads\/2022\/04\/defaillances-60x50-111-1.jpg","datePublished":"2022-04-29T19:28:19+00:00","dateModified":"2022-07-29T17:21:55+00:00","breadcrumb":{"@id":"https:\/\/www.soniaoart.com\/product\/defaillances-serie-incomplete\/#breadcrumb"},"inLanguage":"fr-FR","potentialAction":[{"@type":"ReadAction","target":["https:\/\/www.soniaoart.com\/product\/defaillances-serie-incomplete\/"]}]},{"@type":"ImageObject","inLanguage":"fr-FR","@id":"https:\/\/www.soniaoart.com\/product\/defaillances-serie-incomplete\/#primaryimage","url":"https:\/\/www.soniaoart.com\/wp-content\/uploads\/2022\/04\/defaillances-60x50-111-1.jpg","contentUrl":"https:\/\/www.soniaoart.com\/wp-content\/uploads\/2022\/04\/defaillances-60x50-111-1.jpg","width":800,"height":1001},{"@type":"BreadcrumbList","@id":"https:\/\/www.soniaoart.com\/product\/defaillances-serie-incomplete\/#breadcrumb","itemListElement":[{"@type":"ListItem","position":1,"name":"Accueil","item":"https:\/\/www.soniaoart.com\/fr_fr\/"},{"@type":"ListItem","position":2,"name":"Shop","item":"https:\/\/www.soniaoart.com\/shop\/"},{"@type":"ListItem","position":3,"name":"D\u00e9faillances &#8211; S\u00e9rie &#8220;Incompl\u00e8te&#8221;"}]},{"@type":"WebSite","@id":"https:\/\/www.soniaoart.com\/fr_fr\/#website","url":"https:\/\/www.soniaoart.com\/fr_fr\/","name":"Soniaoart","description":"Artiste Fran\u00e7aise, Peinture sur toiles &amp; Street Art","potentialAction":[{"@type":"SearchAction","target":{"@type":"EntryPoint","urlTemplate":"https:\/\/www.soniaoart.com\/fr_fr\/?s={search_term_string}"},"query-input":{"@type":"PropertyValueSpecification","valueRequired":true,"valueName":"search_term_string"}}],"inLanguage":"fr-FR"}]}},"_links":{"self":[{"href":"https:\/\/www.soniaoart.com\/fr_fr\/wp-json\/wp\/v2\/product\/4932","targetHints":{"allow":["GET"]}}],"collection":[{"href":"https:\/\/www.soniaoart.com\/fr_fr\/wp-json\/wp\/v2\/product"}],"about":[{"href":"https:\/\/www.soniaoart.com\/fr_fr\/wp-json\/wp\/v2\/types\/product"}],"wp:featuredmedia":[{"embeddable":true,"href":"https:\/\/www.soniaoart.com\/fr_fr\/wp-json\/wp\/v2\/media\/4873"}],"wp:attachment":[{"href":"https:\/\/www.soniaoart.com\/fr_fr\/wp-json\/wp\/v2\/media?parent=4932"}],"wp:term":[{"taxonomy":"product_brand","embeddable":true,"href":"https:\/\/www.soniaoart.com\/fr_fr\/wp-json\/wp\/v2\/product_brand?post=4932"},{"taxonomy":"product_cat","embeddable":true,"href":"https:\/\/www.soniaoart.com\/fr_fr\/wp-json\/wp\/v2\/product_cat?post=4932"},{"taxonomy":"product_tag","embeddable":true,"href":"https:\/\/www.soniaoart.com\/fr_fr\/wp-json\/wp\/v2\/product_tag?post=4932"}],"curies":[{"name":"wp","href":"https:\/\/api.w.org\/{rel}","templated":true}]}}