{"id":3825,"date":"2022-04-20T11:37:48","date_gmt":"2022-04-20T09:37:48","guid":{"rendered":"https:\/\/www.soniaoart.com\/?page_id=3825"},"modified":"2025-09-01T18:13:55","modified_gmt":"2025-09-01T16:13:55","slug":"expos-actu","status":"publish","type":"page","link":"https:\/\/www.soniaoart.com\/fr_fr\/expos-actu\/","title":{"rendered":"Expos \/ Actu"},"content":{"rendered":"\t\t<div data-elementor-type=\"wp-page\" data-elementor-id=\"3825\" class=\"elementor elementor-3825\">\n\t\t\t\t\t\t<section class=\"elementor-section elementor-top-section elementor-element elementor-element-2edb5abe elementor-reverse-mobile elementor-section-boxed elementor-section-height-default elementor-section-height-default\" data-id=\"2edb5abe\" data-element_type=\"section\" data-e-type=\"section\">\n\t\t\t\t\t\t<div class=\"elementor-container elementor-column-gap-default\">\n\t\t\t\t\t<div class=\"elementor-column elementor-col-50 elementor-top-column elementor-element elementor-element-1dff58cc\" data-id=\"1dff58cc\" data-element_type=\"column\" data-e-type=\"column\" data-settings=\"{&quot;background_background&quot;:&quot;classic&quot;}\">\n\t\t\t<div class=\"elementor-widget-wrap elementor-element-populated\">\n\t\t\t\t\t\t<div class=\"elementor-element elementor-element-6011050 elementor-widget elementor-widget-text-editor\" data-id=\"6011050\" data-element_type=\"widget\" data-e-type=\"widget\" data-widget_type=\"text-editor.default\">\n\t\t\t\t<div class=\"elementor-widget-container\">\n\t\t\t\t\t\t\t\t\t<p>Sonia.O<br \/><span style=\"color: #ffffff;\">Expos \/ Actu<br \/><\/span><\/p>\t\t\t\t\t\t\t\t<\/div>\n\t\t\t\t<\/div>\n\t\t\t\t<div class=\"elementor-element elementor-element-7542b32b elementor-widget elementor-widget-text-editor\" data-id=\"7542b32b\" data-element_type=\"widget\" data-e-type=\"widget\" data-widget_type=\"text-editor.default\">\n\t\t\t\t<div class=\"elementor-widget-container\">\n\t\t\t\t\t\t\t\t\t<p>__<\/p><p>Retrouvez ici toutes les actualit\u00e9s sur mon travail, les dates de mes expositions pass\u00e9es et \u00e0 venir.<\/p>\t\t\t\t\t\t\t\t<\/div>\n\t\t\t\t<\/div>\n\t\t\t\t\t<\/div>\n\t\t<\/div>\n\t\t\t\t<div class=\"elementor-column elementor-col-50 elementor-top-column elementor-element elementor-element-4ffb4c94\" data-id=\"4ffb4c94\" data-element_type=\"column\" data-e-type=\"column\" data-settings=\"{&quot;background_background&quot;:&quot;classic&quot;}\">\n\t\t\t<div class=\"elementor-widget-wrap elementor-element-populated\">\n\t\t\t\t\t\t<div class=\"elementor-element elementor-element-5693df82 elementor-widget elementor-widget-spacer\" data-id=\"5693df82\" data-element_type=\"widget\" data-e-type=\"widget\" data-widget_type=\"spacer.default\">\n\t\t\t\t<div class=\"elementor-widget-container\">\n\t\t\t\t\t\t\t<div class=\"elementor-spacer\">\n\t\t\t<div class=\"elementor-spacer-inner\"><\/div>\n\t\t<\/div>\n\t\t\t\t\t\t<\/div>\n\t\t\t\t<\/div>\n\t\t\t\t\t<\/div>\n\t\t<\/div>\n\t\t\t\t\t<\/div>\n\t\t<\/section>\n\t\t\t\t<section class=\"elementor-section elementor-top-section elementor-element elementor-element-81c1240 elementor-section-boxed elementor-section-height-default elementor-section-height-default\" data-id=\"81c1240\" data-element_type=\"section\" data-e-type=\"section\">\n\t\t\t\t\t\t<div class=\"elementor-container elementor-column-gap-default\">\n\t\t\t\t\t<div class=\"elementor-column elementor-col-50 elementor-top-column elementor-element elementor-element-1497c87\" data-id=\"1497c87\" data-element_type=\"column\" data-e-type=\"column\">\n\t\t\t<div class=\"elementor-widget-wrap elementor-element-populated\">\n\t\t\t\t\t\t<div class=\"elementor-element elementor-element-9488cfd elementor-widget__width-initial elementor-widget elementor-widget-heading\" data-id=\"9488cfd\" data-element_type=\"widget\" data-e-type=\"widget\" data-widget_type=\"heading.default\">\n\t\t\t\t<div class=\"elementor-widget-container\">\n\t\t\t\t\t<h2 class=\"elementor-heading-title elementor-size-default\">2025<\/h2>\t\t\t\t<\/div>\n\t\t\t\t<\/div>\n\t\t\t\t\t<\/div>\n\t\t<\/div>\n\t\t\t\t<div class=\"elementor-column elementor-col-50 elementor-top-column elementor-element elementor-element-69451f6\" data-id=\"69451f6\" data-element_type=\"column\" data-e-type=\"column\">\n\t\t\t<div class=\"elementor-widget-wrap elementor-element-populated\">\n\t\t\t\t\t\t<div class=\"elementor-element elementor-element-c2764dc elementor-widget__width-initial elementor-widget elementor-widget-text-editor\" data-id=\"c2764dc\" data-element_type=\"widget\" data-e-type=\"widget\" data-widget_type=\"text-editor.default\">\n\t\t\t\t<div class=\"elementor-widget-container\">\n\t\t\t\t\t\t\t\t\t<p>&#8211;\u00a0 Du 18 au 30 Septembre Expo &#8220;Dans la lumi\u00e8re&#8221; Nimes (30)<br \/>&#8211;\u00a0 D\u00e9cembre \/ Janvier Expo-Vente chez ADLib \u00e0 Al\u00e8s (30)<\/p>\t\t\t\t\t\t\t\t<\/div>\n\t\t\t\t<\/div>\n\t\t\t\t\t<\/div>\n\t\t<\/div>\n\t\t\t\t\t<\/div>\n\t\t<\/section>\n\t\t\t\t<section class=\"elementor-section elementor-top-section elementor-element elementor-element-68cf0a5 elementor-section-boxed elementor-section-height-default elementor-section-height-default\" data-id=\"68cf0a5\" data-element_type=\"section\" data-e-type=\"section\">\n\t\t\t\t\t\t<div class=\"elementor-container elementor-column-gap-default\">\n\t\t\t\t\t<div class=\"elementor-column elementor-col-50 elementor-top-column elementor-element elementor-element-04760f3\" data-id=\"04760f3\" data-element_type=\"column\" data-e-type=\"column\">\n\t\t\t<div class=\"elementor-widget-wrap elementor-element-populated\">\n\t\t\t\t\t\t<div class=\"elementor-element elementor-element-a1a1c70 elementor-widget__width-initial elementor-widget elementor-widget-heading\" data-id=\"a1a1c70\" data-element_type=\"widget\" data-e-type=\"widget\" data-widget_type=\"heading.default\">\n\t\t\t\t<div class=\"elementor-widget-container\">\n\t\t\t\t\t<h2 class=\"elementor-heading-title elementor-size-default\">2024<\/h2>\t\t\t\t<\/div>\n\t\t\t\t<\/div>\n\t\t\t\t\t<\/div>\n\t\t<\/div>\n\t\t\t\t<div class=\"elementor-column elementor-col-50 elementor-top-column elementor-element elementor-element-9da43e7\" data-id=\"9da43e7\" data-element_type=\"column\" data-e-type=\"column\">\n\t\t\t<div class=\"elementor-widget-wrap elementor-element-populated\">\n\t\t\t\t\t\t<div class=\"elementor-element elementor-element-af3c7c4 elementor-widget__width-initial elementor-widget elementor-widget-text-editor\" data-id=\"af3c7c4\" data-element_type=\"widget\" data-e-type=\"widget\" data-widget_type=\"text-editor.default\">\n\t\t\t\t<div class=\"elementor-widget-container\">\n\t\t\t\t\t\t\t\t\t<p>&#8211;\u00a0 Mars Vente aux ench\u00e8re caritatives avec FairemaPart &#8220;Money, Money, Money&#8221; (75)<br \/>&#8211; Juin Juillet Expo en duo avec SWeb \u00e0 SeveracD&#8217;Aveyron\u00a0 (12)<br \/>&#8211; Novembre Expo &#8220;C&#8217;est d&#8217;la bombe!&#8221; \u00e0 Orl\u00e9ans (45)<\/p>\t\t\t\t\t\t\t\t<\/div>\n\t\t\t\t<\/div>\n\t\t\t\t\t<\/div>\n\t\t<\/div>\n\t\t\t\t\t<\/div>\n\t\t<\/section>\n\t\t\t\t<section class=\"elementor-section elementor-top-section elementor-element elementor-element-2f4db12 elementor-section-boxed elementor-section-height-default elementor-section-height-default\" data-id=\"2f4db12\" data-element_type=\"section\" data-e-type=\"section\">\n\t\t\t\t\t\t<div class=\"elementor-container elementor-column-gap-default\">\n\t\t\t\t\t<div class=\"elementor-column elementor-col-50 elementor-top-column elementor-element elementor-element-296b4c2\" data-id=\"296b4c2\" data-element_type=\"column\" data-e-type=\"column\">\n\t\t\t<div class=\"elementor-widget-wrap elementor-element-populated\">\n\t\t\t\t\t\t<div class=\"elementor-element elementor-element-6c9e1e3 elementor-widget elementor-widget-heading\" data-id=\"6c9e1e3\" data-element_type=\"widget\" data-e-type=\"widget\" data-widget_type=\"heading.default\">\n\t\t\t\t<div class=\"elementor-widget-container\">\n\t\t\t\t\t<h2 class=\"elementor-heading-title elementor-size-default\">2023<\/h2>\t\t\t\t<\/div>\n\t\t\t\t<\/div>\n\t\t\t\t\t<\/div>\n\t\t<\/div>\n\t\t\t\t<div class=\"elementor-column elementor-col-50 elementor-top-column elementor-element elementor-element-be54499\" data-id=\"be54499\" data-element_type=\"column\" data-e-type=\"column\">\n\t\t\t<div class=\"elementor-widget-wrap elementor-element-populated\">\n\t\t\t\t\t\t<div class=\"elementor-element elementor-element-e15a98f elementor-widget__width-initial elementor-widget elementor-widget-text-editor\" data-id=\"e15a98f\" data-element_type=\"widget\" data-e-type=\"widget\" data-widget_type=\"text-editor.default\">\n\t\t\t\t<div class=\"elementor-widget-container\">\n\t\t\t\t\t\t\t\t\t<p>&#8211; Du 7 au 11 mars : expo &#8220;Des femmes, des talents&#8221; Chateaurenard\u00a0 ( 13 )<br \/>&#8211;\u00a0 Du 01 avril au 29 juillet &#8220;Manoir de Montesquiou&#8221;\u00a0 La Mal\u00e8ne (48)<br \/>&#8211; Du 04 avril au 9 juin &#8220;Ch\u00e2teau de St Alban sur Limagnole&#8221; (48)<br \/>&#8211; Du 12 mai au 7 juin : expo &#8220;Dans la lumi\u00e8re&#8221; au phare de la m\u00e9diterran\u00e9e\u00a0 Palavas les Flots ( 34)<br \/>&#8211; Du 5 au 31 Ao\u00fbt &#8220;Les arts en voutes&#8221; La Canourgue (48)<br \/>\u2013 Du 07 au 30 Septembre Expo \u201cDans la lumi\u00e8re\u201d\u00a0 Restaurant La Boh\u00e8me 6 rue Balze Arles (13)<br \/>&#8211; Du 4 au 30 septembre Ste Enimie\u00a0 (48)<\/p>\t\t\t\t\t\t\t\t<\/div>\n\t\t\t\t<\/div>\n\t\t\t\t\t<\/div>\n\t\t<\/div>\n\t\t\t\t\t<\/div>\n\t\t<\/section>\n\t\t\t\t<section class=\"elementor-section elementor-top-section elementor-element elementor-element-6c52bcc elementor-section-boxed elementor-section-height-default elementor-section-height-default\" data-id=\"6c52bcc\" data-element_type=\"section\" data-e-type=\"section\">\n\t\t\t\t\t\t<div class=\"elementor-container elementor-column-gap-default\">\n\t\t\t\t\t<div class=\"elementor-column elementor-col-33 elementor-top-column elementor-element elementor-element-c5a5bdb\" data-id=\"c5a5bdb\" data-element_type=\"column\" data-e-type=\"column\">\n\t\t\t<div class=\"elementor-widget-wrap elementor-element-populated\">\n\t\t\t\t\t\t<div class=\"elementor-element elementor-element-f2fa2a4 elementor-widget elementor-widget-heading\" data-id=\"f2fa2a4\" data-element_type=\"widget\" data-e-type=\"widget\" data-widget_type=\"heading.default\">\n\t\t\t\t<div class=\"elementor-widget-container\">\n\t\t\t\t\t<h2 class=\"elementor-heading-title elementor-size-default\">2022<\/h2>\t\t\t\t<\/div>\n\t\t\t\t<\/div>\n\t\t\t\t\t<\/div>\n\t\t<\/div>\n\t\t\t\t<div class=\"elementor-column elementor-col-66 elementor-top-column elementor-element elementor-element-7ad39b5\" data-id=\"7ad39b5\" data-element_type=\"column\" data-e-type=\"column\">\n\t\t\t<div class=\"elementor-widget-wrap elementor-element-populated\">\n\t\t\t\t\t\t<div class=\"elementor-element elementor-element-3d0f71b elementor-widget elementor-widget-text-editor\" data-id=\"3d0f71b\" data-element_type=\"widget\" data-e-type=\"widget\" data-widget_type=\"text-editor.default\">\n\t\t\t\t<div class=\"elementor-widget-container\">\n\t\t\t\t\t\t\t\t\t<p>&#8211; Du 7 mai au 31 aout : expo pour la Galerie Seraphine \u00e0 Ste Enimie ( 48 )<br \/>&#8211; Du 30 juin au 30 juillet : expo \u00e0 St Geniez d\u2019Olt ( 12 )<br \/>&#8211; Vente aux ench\u00e8res Street Art pour la maison Rossini \u00e0 Paris 19 Sept (75)<br \/>&#8211; Du 15 sept au 15 oct: expo pour association Mboro \u00e0 Blagnac ( 31 )<br \/>&#8211; Du 27 au 30 Octobre :\u00a0 Expo et live painting le 29\/30 Oct \u00e0 l\u2019atelier Gustave \u00e0 Paris\u00a0(75)<br \/>&#8211; Le 23 et 24 Octobre Street Art Festival de Decazeville Communaut\u00e9 \u00e0 Aubin (12)<br \/>&#8211; D\u00e9cembre : Expo pour la galerie Ad Lib \u00e0 Al\u00e8s ( 30 )\u00a0<\/p>\t\t\t\t\t\t\t\t<\/div>\n\t\t\t\t<\/div>\n\t\t\t\t\t<\/div>\n\t\t<\/div>\n\t\t\t\t\t<\/div>\n\t\t<\/section>\n\t\t\t\t<section class=\"elementor-section elementor-top-section elementor-element elementor-element-1807243 elementor-section-boxed elementor-section-height-default elementor-section-height-default\" data-id=\"1807243\" data-element_type=\"section\" data-e-type=\"section\">\n\t\t\t\t\t\t<div class=\"elementor-container elementor-column-gap-default\">\n\t\t\t\t\t<div class=\"elementor-column elementor-col-33 elementor-top-column elementor-element elementor-element-b751388\" data-id=\"b751388\" data-element_type=\"column\" data-e-type=\"column\">\n\t\t\t<div class=\"elementor-widget-wrap elementor-element-populated\">\n\t\t\t\t\t\t<div class=\"elementor-element elementor-element-b4edd56 elementor-widget elementor-widget-heading\" data-id=\"b4edd56\" data-element_type=\"widget\" data-e-type=\"widget\" data-widget_type=\"heading.default\">\n\t\t\t\t<div class=\"elementor-widget-container\">\n\t\t\t\t\t<h2 class=\"elementor-heading-title elementor-size-default\">2021<\/h2>\t\t\t\t<\/div>\n\t\t\t\t<\/div>\n\t\t\t\t\t<\/div>\n\t\t<\/div>\n\t\t\t\t<div class=\"elementor-column elementor-col-66 elementor-top-column elementor-element elementor-element-430bffc\" data-id=\"430bffc\" data-element_type=\"column\" data-e-type=\"column\">\n\t\t\t<div class=\"elementor-widget-wrap elementor-element-populated\">\n\t\t\t\t\t\t<div class=\"elementor-element elementor-element-620c2bd elementor-widget elementor-widget-text-editor\" data-id=\"620c2bd\" data-element_type=\"widget\" data-e-type=\"widget\" data-widget_type=\"text-editor.default\">\n\t\t\t\t<div class=\"elementor-widget-container\">\n\t\t\t\t\t\t\t\t\t<p>&#8211; Du 25 juin au 4 juillet : expo au casino Grand Cercle d\u2019Aix les Bains ( 73 )<br \/>&#8211; Du 5 au 26 juillet : expo \u00e0 l\u2019office de tourisme de La Canourgue ( 48 )<br \/>&#8211; Du 2 au 17 aout : expo \u00e0 l\u2019office de tourisme du Massegros ( 48 )<br \/>&#8211; Le 7 aout : expo \u00e0 la soir\u00e9e F\u00eate des peuples \u00e0 Mende ( 48 )<br \/>&#8211; Le 10 novembre : vente aux ench\u00e8res caritative chez Drouot pour l\u2019association Elisecare \u00e0 Paris.<br \/>&#8211; Le 19 novembre : soir\u00e9e live painting avec la Galerie Seraphine \u00e0 Mende ( 48 )<br \/>&#8211; Du 19 novembre au 3 d\u00e9cembre : expo \u00e0 la Galerie Seraphine \u00e0 Mende ( 48 )<br \/>&#8211; Le 11 d\u00e9cembre : expo \/ vente au march\u00e9 de no\u00ebl \u00e0 Banassac ( 48 )<\/p>\t\t\t\t\t\t\t\t<\/div>\n\t\t\t\t<\/div>\n\t\t\t\t\t<\/div>\n\t\t<\/div>\n\t\t\t\t\t<\/div>\n\t\t<\/section>\n\t\t\t\t<section class=\"elementor-section elementor-top-section elementor-element elementor-element-19c6503 elementor-section-boxed elementor-section-height-default elementor-section-height-default\" data-id=\"19c6503\" data-element_type=\"section\" data-e-type=\"section\">\n\t\t\t\t\t\t<div class=\"elementor-container elementor-column-gap-default\">\n\t\t\t\t\t<div class=\"elementor-column elementor-col-33 elementor-top-column elementor-element elementor-element-ca852f5\" data-id=\"ca852f5\" data-element_type=\"column\" data-e-type=\"column\">\n\t\t\t<div class=\"elementor-widget-wrap elementor-element-populated\">\n\t\t\t\t\t\t<div class=\"elementor-element elementor-element-a8a57e5 elementor-widget elementor-widget-heading\" data-id=\"a8a57e5\" data-element_type=\"widget\" data-e-type=\"widget\" data-widget_type=\"heading.default\">\n\t\t\t\t<div class=\"elementor-widget-container\">\n\t\t\t\t\t<h2 class=\"elementor-heading-title elementor-size-default\">2020<\/h2>\t\t\t\t<\/div>\n\t\t\t\t<\/div>\n\t\t\t\t\t<\/div>\n\t\t<\/div>\n\t\t\t\t<div class=\"elementor-column elementor-col-66 elementor-top-column elementor-element elementor-element-72d630c\" data-id=\"72d630c\" data-element_type=\"column\" data-e-type=\"column\">\n\t\t\t<div class=\"elementor-widget-wrap elementor-element-populated\">\n\t\t\t\t\t\t<div class=\"elementor-element elementor-element-bc2bf42 elementor-widget elementor-widget-text-editor\" data-id=\"bc2bf42\" data-element_type=\"widget\" data-e-type=\"widget\" data-widget_type=\"text-editor.default\">\n\t\t\t\t<div class=\"elementor-widget-container\">\n\t\t\t\t\t\t\t\t\t<p>&#8211; Du 2 au 8 mars : expo \u00e0 l\u2019office de tourisme de Cransac-les-Thermes ( 12 )<br \/>&#8211; Du 4 juin au 14 aout : expo \u00e0 l\u2019office de tourisme de St Chely d\u2019apcher ( 48 )<br \/>&#8211; Du 14 au 28 aout : expo \u00e0 l\u2019office de tourisme du Malzieu ( 48 )<br \/>&#8211; Du 21 septembre au 9 octobre : expo \u00e0 la Maison des R\u00e9gions \u00e0 Mende ( 48 )<br \/>&#8211; Du 9 au 30 octobre : expo \u00e0 l\u2019Adoration \u00e0 Mende ( 48 )<\/p>\t\t\t\t\t\t\t\t<\/div>\n\t\t\t\t<\/div>\n\t\t\t\t\t<\/div>\n\t\t<\/div>\n\t\t\t\t\t<\/div>\n\t\t<\/section>\n\t\t\t\t<\/div>\n\t\t","protected":false},"excerpt":{"rendered":"<p>Sonia.OExpos \/ Actu __ Retrouvez ici toutes les actualit\u00e9s sur mon travail, les dates de mes expositions pass\u00e9es et \u00e0 venir. 2025 &#8211;\u00a0 Du 18 au 30 Septembre Expo &#8220;Dans la lumi\u00e8re&#8221; Nimes (30)&#8211;\u00a0 D\u00e9cembre \/ Janvier Expo-Vente chez ADLib \u00e0 Al\u00e8s (30) 2024 &#8211;\u00a0 Mars Vente aux ench\u00e8re caritatives avec FairemaPart &#8220;Money, Money, Money&#8221; [&hellip;]<\/p>\n","protected":false},"author":1,"featured_media":0,"parent":0,"menu_order":0,"comment_status":"closed","ping_status":"closed","template":"template-landing.php","meta":{"_acf_changed":false,"footnotes":""},"class_list":["post-3825","page","type-page","status-publish","hentry"],"acf":[],"yoast_head":"<!-- This site is optimized with the Yoast SEO plugin v27.4 - https:\/\/yoast.com\/product\/yoast-seo-wordpress\/ -->\n<title>Sonia O , Artiste fran\u00e7aise. Peintures sur toiles &amp; Street Art - Expos \/ Actu<\/title>\n<meta name=\"description\" content=\"Retrouvez ici toutes les actualit\u00e9s sur le travail de Sonia O, les dates de ses expositions pass\u00e9es et \u00e0 venir.\" \/>\n<meta name=\"robots\" content=\"index, follow, max-snippet:-1, max-image-preview:large, max-video-preview:-1\" \/>\n<link rel=\"canonical\" href=\"https:\/\/www.soniaoart.com\/fr_fr\/expos-actu\/\" \/>\n<meta property=\"og:locale\" content=\"fr_FR\" \/>\n<meta property=\"og:type\" content=\"article\" \/>\n<meta property=\"og:title\" content=\"Sonia O , Artiste fran\u00e7aise. Peintures sur toiles &amp; Street Art - Expos \/ Actu\" \/>\n<meta property=\"og:description\" content=\"Retrouvez ici toutes les actualit\u00e9s sur le travail de Sonia O, les dates de ses expositions pass\u00e9es et \u00e0 venir.\" \/>\n<meta property=\"og:url\" content=\"https:\/\/www.soniaoart.com\/fr_fr\/expos-actu\/\" \/>\n<meta property=\"og:site_name\" content=\"Soniaoart\" \/>\n<meta property=\"article:modified_time\" content=\"2025-09-01T16:13:55+00:00\" \/>\n<meta name=\"twitter:card\" content=\"summary_large_image\" \/>\n<meta name=\"twitter:label1\" content=\"Dur\u00e9e de lecture estim\u00e9e\" \/>\n\t<meta name=\"twitter:data1\" content=\"2 minutes\" \/>\n<script type=\"application\/ld+json\" class=\"yoast-schema-graph\">{\"@context\":\"https:\\\/\\\/schema.org\",\"@graph\":[{\"@type\":\"WebPage\",\"@id\":\"https:\\\/\\\/www.soniaoart.com\\\/fr_fr\\\/expos-actu\\\/\",\"url\":\"https:\\\/\\\/www.soniaoart.com\\\/fr_fr\\\/expos-actu\\\/\",\"name\":\"Sonia O , Artiste fran\u00e7aise. Peintures sur toiles & Street Art - Expos \\\/ Actu\",\"isPartOf\":{\"@id\":\"https:\\\/\\\/www.soniaoart.com\\\/fr_fr\\\/#website\"},\"datePublished\":\"2022-04-20T09:37:48+00:00\",\"dateModified\":\"2025-09-01T16:13:55+00:00\",\"description\":\"Retrouvez ici toutes les actualit\u00e9s sur le travail de Sonia O, les dates de ses expositions pass\u00e9es et \u00e0 venir.\",\"breadcrumb\":{\"@id\":\"https:\\\/\\\/www.soniaoart.com\\\/fr_fr\\\/expos-actu\\\/#breadcrumb\"},\"inLanguage\":\"fr-FR\",\"potentialAction\":[{\"@type\":\"ReadAction\",\"target\":[\"https:\\\/\\\/www.soniaoart.com\\\/fr_fr\\\/expos-actu\\\/\"]}]},{\"@type\":\"BreadcrumbList\",\"@id\":\"https:\\\/\\\/www.soniaoart.com\\\/fr_fr\\\/expos-actu\\\/#breadcrumb\",\"itemListElement\":[{\"@type\":\"ListItem\",\"position\":1,\"name\":\"Accueil\",\"item\":\"https:\\\/\\\/www.soniaoart.com\\\/fr_fr\\\/\"},{\"@type\":\"ListItem\",\"position\":2,\"name\":\"Expos \\\/ Actu\"}]},{\"@type\":\"WebSite\",\"@id\":\"https:\\\/\\\/www.soniaoart.com\\\/fr_fr\\\/#website\",\"url\":\"https:\\\/\\\/www.soniaoart.com\\\/fr_fr\\\/\",\"name\":\"Soniaoart\",\"description\":\"Artiste Fran\u00e7aise, Peinture sur toiles &amp; Street Art\",\"potentialAction\":[{\"@type\":\"SearchAction\",\"target\":{\"@type\":\"EntryPoint\",\"urlTemplate\":\"https:\\\/\\\/www.soniaoart.com\\\/fr_fr\\\/?s={search_term_string}\"},\"query-input\":{\"@type\":\"PropertyValueSpecification\",\"valueRequired\":true,\"valueName\":\"search_term_string\"}}],\"inLanguage\":\"fr-FR\"}]}<\/script>\n<!-- \/ Yoast SEO plugin. -->","yoast_head_json":{"title":"Sonia O , Artiste fran\u00e7aise. Peintures sur toiles & Street Art - Expos \/ Actu","description":"Retrouvez ici toutes les actualit\u00e9s sur le travail de Sonia O, les dates de ses expositions pass\u00e9es et \u00e0 venir.","robots":{"index":"index","follow":"follow","max-snippet":"max-snippet:-1","max-image-preview":"max-image-preview:large","max-video-preview":"max-video-preview:-1"},"canonical":"https:\/\/www.soniaoart.com\/fr_fr\/expos-actu\/","og_locale":"fr_FR","og_type":"article","og_title":"Sonia O , Artiste fran\u00e7aise. Peintures sur toiles & Street Art - Expos \/ Actu","og_description":"Retrouvez ici toutes les actualit\u00e9s sur le travail de Sonia O, les dates de ses expositions pass\u00e9es et \u00e0 venir.","og_url":"https:\/\/www.soniaoart.com\/fr_fr\/expos-actu\/","og_site_name":"Soniaoart","article_modified_time":"2025-09-01T16:13:55+00:00","twitter_card":"summary_large_image","twitter_misc":{"Dur\u00e9e de lecture estim\u00e9e":"2 minutes"},"schema":{"@context":"https:\/\/schema.org","@graph":[{"@type":"WebPage","@id":"https:\/\/www.soniaoart.com\/fr_fr\/expos-actu\/","url":"https:\/\/www.soniaoart.com\/fr_fr\/expos-actu\/","name":"Sonia O , Artiste fran\u00e7aise. Peintures sur toiles & Street Art - Expos \/ Actu","isPartOf":{"@id":"https:\/\/www.soniaoart.com\/fr_fr\/#website"},"datePublished":"2022-04-20T09:37:48+00:00","dateModified":"2025-09-01T16:13:55+00:00","description":"Retrouvez ici toutes les actualit\u00e9s sur le travail de Sonia O, les dates de ses expositions pass\u00e9es et \u00e0 venir.","breadcrumb":{"@id":"https:\/\/www.soniaoart.com\/fr_fr\/expos-actu\/#breadcrumb"},"inLanguage":"fr-FR","potentialAction":[{"@type":"ReadAction","target":["https:\/\/www.soniaoart.com\/fr_fr\/expos-actu\/"]}]},{"@type":"BreadcrumbList","@id":"https:\/\/www.soniaoart.com\/fr_fr\/expos-actu\/#breadcrumb","itemListElement":[{"@type":"ListItem","position":1,"name":"Accueil","item":"https:\/\/www.soniaoart.com\/fr_fr\/"},{"@type":"ListItem","position":2,"name":"Expos \/ Actu"}]},{"@type":"WebSite","@id":"https:\/\/www.soniaoart.com\/fr_fr\/#website","url":"https:\/\/www.soniaoart.com\/fr_fr\/","name":"Soniaoart","description":"Artiste Fran\u00e7aise, Peinture sur toiles &amp; Street Art","potentialAction":[{"@type":"SearchAction","target":{"@type":"EntryPoint","urlTemplate":"https:\/\/www.soniaoart.com\/fr_fr\/?s={search_term_string}"},"query-input":{"@type":"PropertyValueSpecification","valueRequired":true,"valueName":"search_term_string"}}],"inLanguage":"fr-FR"}]}},"_links":{"self":[{"href":"https:\/\/www.soniaoart.com\/fr_fr\/wp-json\/wp\/v2\/pages\/3825","targetHints":{"allow":["GET"]}}],"collection":[{"href":"https:\/\/www.soniaoart.com\/fr_fr\/wp-json\/wp\/v2\/pages"}],"about":[{"href":"https:\/\/www.soniaoart.com\/fr_fr\/wp-json\/wp\/v2\/types\/page"}],"author":[{"embeddable":true,"href":"https:\/\/www.soniaoart.com\/fr_fr\/wp-json\/wp\/v2\/users\/1"}],"replies":[{"embeddable":true,"href":"https:\/\/www.soniaoart.com\/fr_fr\/wp-json\/wp\/v2\/comments?post=3825"}],"version-history":[{"count":110,"href":"https:\/\/www.soniaoart.com\/fr_fr\/wp-json\/wp\/v2\/pages\/3825\/revisions"}],"predecessor-version":[{"id":5350,"href":"https:\/\/www.soniaoart.com\/fr_fr\/wp-json\/wp\/v2\/pages\/3825\/revisions\/5350"}],"wp:attachment":[{"href":"https:\/\/www.soniaoart.com\/fr_fr\/wp-json\/wp\/v2\/media?parent=3825"}],"curies":[{"name":"wp","href":"https:\/\/api.w.org\/{rel}","templated":true}]}}