{"id":3583,"date":"2022-04-15T16:37:34","date_gmt":"2022-04-15T14:37:34","guid":{"rendered":"https:\/\/www.soniaoart.com\/?page_id=3583"},"modified":"2024-10-08T11:22:56","modified_gmt":"2024-10-08T09:22:56","slug":"conditions-generales-de-vente","status":"publish","type":"page","link":"https:\/\/www.soniaoart.com\/fr_fr\/conditions-generales-de-vente\/","title":{"rendered":"Conditions g\u00e9n\u00e9rales de vente"},"content":{"rendered":"<p>Artiste technique mixte<\/p>\n<p>E-mail : sonia.oliveira.48@hotmail.com<br \/>\nN\u00b0 de SIRET : 87917230470018<\/p>\n<p>Le pr\u00e9sent site Web et l\u2019ensemble de son contenu est prot\u00e9g\u00e9 par le droit d\u2019auteur. Ceci inclut textes, images, vid\u00e9os. Conform\u00e9ment \u00e0 l\u2019article L. 122-4 du Code de la propri\u00e9t\u00e9 intellectuelle fran\u00e7aise, il est interdit de reproduire, copier, modifier, transmettre, diffuser de toute mani\u00e8re que ce soit, m\u00eame partiellement, sur tout type de support, tout \u00e9l\u00e9ment provenant de ce site (par exemple, mais non exclusivement : textes, logos, images, \u00e9l\u00e9ments sonores, vid\u00e9os, logiciels, ic\u00f4nes) sans l\u2019autorisation explicite de Sonia O.<\/p>\n<p><strong>CONDITIONS G\u00c9N\u00c9RALES DE VENTE<\/strong><\/p>\n<p><strong>1- Conclusion du contrat de vente entre l\u2019Acheteur et Sonia O<\/strong><\/p>\n<p>1) Les \u0152uvres sont pr\u00e9sent\u00e9es sur le Site avec un descriptif mettant l\u2019Acheteur en mesure de conna\u00eetre leurs caract\u00e9ristiques essentielles et leur prix.<\/p>\n<p>2) L\u2019Acheteur s\u00e9lectionne la ou les \u0152uvre(s) qu\u2019il souhaite acheter.<\/p>\n<p>3) Il confirme son choix de Produit(s), prend connaissance et accepte les pr\u00e9sentes CGV par un clic de validation. Il choisit son mode de paiement entre un paiement par carte bancaire ou par paiement PayPal sur le compte de Sonia O. S\u2019il choisit le paiement par carte bancaire, il proc\u00e8de imm\u00e9diatement au paiement.<\/p>\n<p>4) L\u2019Acheteur re\u00e7oit un email de confirmation de prise en compte de sa commande. Toutefois, le contrat de vente conclu entre l\u2019Acheteur et Sonia O est soumis \u00e0 la condition r\u00e9solutoire que le Produit est disponible.<\/p>\n<p>5) Sonia O est inform\u00e9 par mail qu\u2019une ou plusieurs des \u0152uvres qu\u2019il a mis en ligne a fait l\u2019objet d\u2019une commande.<\/p>\n<p>6) Une fois la commande pass\u00e9e du (des) Produit(s) sur le site <a href=\"https:\/\/www.soniaoart.com\">www.soniaoart.com<\/a>, un email est adress\u00e9 \u00e0 l\u2019Acheteur pour l\u2019informer de la validation de la commande.<\/p>\n<p>7) Une fois la commande valid\u00e9e, Sonia O prend de fait l\u2019engagement ferme de livrer les Produits ou de les mettre \u00e0 disposition dans le point de vente souhait\u00e9 dans un d\u00e9lai de 7 jours ouvrables.<\/p>\n<p><strong>2- Prix et paiement<\/strong><\/p>\n<p>Le prix d\u2019achat du Produit est fix\u00e9 par Sonia O. Il est mentionn\u00e9 en euros TTC sur la fiche descriptive, et avec frais de livraison pour la France. , Pour tout autres pays ils seront mentionn\u00e9s lors de la validation du panier d\u2019achat. Si des droits de douane, des taxes locales ou droits d\u2019importation sont exigibles, ces droits sont \u00e0 la charge de l\u2019Acheteur et rel\u00e8vent de son enti\u00e8re responsabilit\u00e9, tant en termes de d\u00e9clarations que de paiements aux autorit\u00e9s et\/organismes comp\u00e9tents. Il lui appartient de se renseigner aupr\u00e8s des autorit\u00e9s comp\u00e9tentes. Le r\u00e8glement des achats r\u00e9alis\u00e9s par l\u2019interm\u00e9diaire du Service peut s\u2019effectuer par carte bancaire aupr\u00e8s de Sonia O qui encaisse le montant correspondant lors du paiement en ligne. L\u2019Acheteur se verra d\u00e9bit\u00e9 du prix du Produit achet\u00e9 auquel s\u2019ajoute les frais de livraison qu\u2019\u00e0 partir du moment o\u00f9 le site aura valid\u00e9 la disponibilit\u00e9 dudit Produit. En cas d\u2019indisponibilit\u00e9 du Produit l\u2019Acheteur ne sera pas d\u00e9bit\u00e9 et son paiement sera annul\u00e9.<\/p>\n<p><strong>3- S\u00e9curit\u00e9 des paiements<\/strong><\/p>\n<p>Sonia O a fait le choix d\u2019outils performants et rigoureux en termes de s\u00e9curisation des moyens de paiement. <a href=\"https:\/\/www.soniaoart.com\">www.soniaoart.com<\/a> a adopt\u00e9 pour les moyens de paiement la solution WooCommerce Payments qui \u00e9tablit une connexion crypt\u00e9e directement entre l\u2019Acheteur et la banque. Sonia O n\u2019a en aucun cas acc\u00e8s aux informations confidentielles relatives au moyen de paiement que le Client utilise lors du paiement. C\u2019est pourquoi les coordonn\u00e9es bancaires du Client lui seront demand\u00e9es \u00e0 chaque nouvelle commande. Bien que <a href=\"https:\/\/www.soniaoart.com\">www.soniaoart.com<\/a> utilise un logiciel de s\u00e9curit\u00e9 crypt\u00e9, la s\u00e9curit\u00e9 des informations et des paiements transmis par Internet ou via e-mail ne peut \u00eatre garantie. Sonia O ne saurait \u00eatre tenue responsable des dommages r\u00e9sultant de l\u2019utilisation de moyens de communication \u00e9lectroniques, y compris (mais de fa\u00e7on non exhaustive) les dommages r\u00e9sultant d\u2019un \u00e9chec ou d\u2019un retard de transmission de communications \u00e9lectroniques, de l\u2019interception ou de la manipulation de communications \u00e9lectroniques par des tiers ou par des programmes informatiques utilis\u00e9s pour des communications \u00e9lectroniques et pour la transmission de virus.<\/p>\n<p><strong>4- Mode et frais d\u2019exp\u00e9dition ou de retrait chez le Vendeur<\/strong><\/p>\n<p>4.1 Exp\u00e9dition par Sonia O au domicile de l\u2019Acheteur. L\u2019Acheteur a la possibilit\u00e9 de se faire livrer l\u2019\u0152uvre \u00e0 domicile en le notifiant lors du passage de sa commande. L\u2019\u0153uvre est livr\u00e9e \u00e0 l\u2019adresse fournie par l\u2019Acheteur lors de sa commande. Dans ce cas Sonia O, se charge d\u2019emballer l\u2019\u0152uvre et de la mettre \u00e0 disposition d\u2019un transporteur. Les frais de transport seront accept\u00e9s par l\u2019Acheteur au moment de la validation de son panier d\u2019achat pour un achat de l&#8217;\u00e9tranger, livraison gratuite pour la France. En fonction de l\u2019adresse de livraison de l\u2019Acheteur, diff\u00e9rentes r\u00e8gles fiscales et autres frais peuvent s\u2019appliquer. Sonia O ne peut contr\u00f4ler ces frais et nous ne pouvons pas pr\u00e9dire leur montant. L\u2019Acheteur sera responsable du paiement de ces taxes et droits de douanes non incluses. L\u2019Acheteur peut contacter son bureau local des douanes pour plus d\u2019informations avant de passer sa commande. Sonia O prenant de fait l\u2019engagement ferme de mettre les Produits \u00e0 disposition d\u2019un transporteur dans un d\u00e9lai de 7 \u00e0 14 jours jours ouvr\u00e9s. Les Produits sont livr\u00e9s \u00e0 l\u2019adresse indiqu\u00e9e par l\u2019Acheteur lors du passage de sa commande et devraient \u00eatre livr\u00e9s au plus tard 14 jours ouvr\u00e9s apr\u00e8s confirmation de la mise \u00e0 disposition du chez le transporteur par Sonia O. Il est de la seule responsabilit\u00e9 de l\u2019Acheteur de s\u2019assurer que les informations qu\u2019il communique \u00e0 Sonia O \u00e0 cet effet sont et demeurent correctes et qu\u2019elles lui permettront de recevoir les Produits qu\u2019il ach\u00e8te sur le Site <a href=\"https:\/\/www.soniaoart.com\">www.soniaoart.com<\/a><\/p>\n<p>4.2 Retrait directement chez Sonia O par l\u2019Acheteur. L\u2019Acheteur peut \u00e9galement retirer l\u2019\u0152uvre ou les \u0152uvres command\u00e9es sur le Site directement dans le point de vente de Sonia O.<br \/>\nAu 24 rue du Coulas, 48500 Banassac-Canilhac par prise de RDV en amont au 0624637460 L\u2019Acheteur indique pour chaque \u0152uvre le mode de livraison (exp\u00e9dition ou retrait chez Sonia O) qu\u2019il choisit lors du processus de validation de sa commande sur le Site. Dans le cas d\u2019un retrait chez Sweb, l\u2019Acheteur ne sera pas tenu de payer les frais de livraison. Une fois qu\u2019il a pass\u00e9 sa commande. L\u2019Acheteur dispose d\u2019un d\u00e9lai de 15 jours \u00e0 compter de la r\u00e9ception du mail de validation de la commande pour retirer l\u2019\u0153uvre \u00e0 l\u2019adresse indiqu\u00e9e ci dessus. Sonia O remettra l\u2019\u0153uvre ainsi que la facture et le certificat d\u2019authenticit\u00e9 \u00e0 l\u2019Acheteur apr\u00e8s s\u2019\u00eatre assur\u00e9 de l\u2019identit\u00e9 de ce dernier.<\/p>\n<p><strong>5- Droit de r\u00e9tractation<\/strong><\/p>\n<p>Conform\u00e9ment aux dispositions l\u00e9gales en vigueur, dans le cadre d\u2019un achat effectu\u00e9 sur le site <a href=\"https:\/\/www.soniaoart.com\">www.soniaoart.com<\/a>, l\u2019Acheteur, si lui-m\u00eame dispose d\u2019un d\u00e9lai de 14 jours \u00e0 compter de la r\u00e9ception du (des) Produit(s) command\u00e9s pour exercer, aupr\u00e8s de Sonia O, son droit de r\u00e9tractation, sans avoir \u00e0 justifier de motifs ni \u00e0 payer de p\u00e9nalit\u00e9. L\u2019Acheteur exerce son droit de r\u00e9tractation directement aupr\u00e8s de Sonia O par envoi d\u2019un mail \u00e0 l\u2019adresse sonia . oliveira . 48 @ orange . fr . L\u2019Acheteur s\u2019occupera de g\u00e9rer le retour de l\u2019\u0153uvre et prendra \u00e0 sa charge les frais de retours, frais de douane compris. Si l\u2019acheteur renvoie l\u2019\u0153uvre lui m\u00eame sans attendre les instructions de Sonia O, il ne pourra pas pr\u00e9tendre au remboursement et prend toute la responsabilit\u00e9 de l\u2019envoi et de l\u2019\u00e9tat de l\u2019\u0153uvre \u00e0 l\u2019arriv\u00e9e. L\u2019\u0153uvre devra \u00eatre retourn\u00e9e en parfait \u00e9tat par l\u2019Acheteur et dans son emballage d\u2019origine (ou \u00e9quivalent).<\/p>\n<p><strong>6- Litiges \u2013 Contestations<\/strong><\/p>\n<p>De mani\u00e8re g\u00e9n\u00e9rale, Sonia O s\u2019engage \u00e0 d\u00e9livrer un service de qualit\u00e9 aux Acheteurs. A ce titre, tout Acheteur a la possibilit\u00e9 de signaler par envoi d\u2019un mail \u00e0 Sonia O \u00e0 l\u2019adresse , sonia . oliveira. 48 @ orange . fr dans un d\u00e9lai de 14 jours \u00e0 compter de la r\u00e9ception de toute \u0152uvre, toute r\u00e9clamation concernant les \u0152uvres command\u00e9es, suivant les crit\u00e8res suivants :<\/p>\n<p>\u2013 Produit non re\u00e7u : le Produit n\u2019a pas \u00e9t\u00e9 r\u00e9ceptionn\u00e9 par l\u2019Acheteur.<\/p>\n<p>\u2013 Produit non conforme : le Produit re\u00e7u ne correspond pas au Produit command\u00e9.<\/p>\n<p>\u2013 Produit endommag\u00e9 : le Produit re\u00e7u est ab\u00eem\u00e9 ou cass\u00e9<\/p>\n<p>En cas de r\u00e9clamation d\u2019un Acheteur concernant une \u0152uvre, Sonia O fait son affaire personnelle de la r\u00e9solution du diff\u00e9rend qui l\u2019oppose \u00e0 l\u2019Acheteur. Les litiges sont directement r\u00e9gl\u00e9s entre l\u2019Acheteur et Sonia O SARL. Sonia O devra faire ses meilleurs efforts pour r\u00e9soudre le litige l\u2019opposant \u00e0 l\u2019Acheteur amiablement. Selon les cas, le litige d\u00e9clar\u00e9 donnera lieu soit au renvoi de l\u2019\u0152uvre command\u00e9e et au remboursement de l\u2019Acheteur par Sonia O soit au remboursement partiel ou total de l\u2019Acheteur uniquement. En cas de renvoi de l\u2019 \u0152uvre par l\u2019Acheteur il appartiendra \u00e0 l\u2019acheteur d\u2019organiser le retour de l\u2019\u0152uvre et de prendre l\u2019ensemble des frais \u00e0 sa charge. Dans ce cas, le prix du ou des Produit(s) achet\u00e9(s) et les frais d\u2019envoi pay\u00e9s par l\u2019Acheteur lors du passage de sa commande seront rembours\u00e9s par Sonia O SARL une fois la bonne r\u00e9ception de l\u2019\u0153uvre.<\/p>\n<p><strong>7- Donn\u00e9es personnelles<\/strong><\/p>\n<p>En compl\u00e9ment de l\u2019article 6 des CGU Acheteur et de l\u2019article 8 des CGU Sonia O et l\u2019acheteur sont inform\u00e9s que l\u2019ensemble des donn\u00e9es collect\u00e9es dans le cadre du Service lors de la passation des commandes sont trait\u00e9es par Sonia O aux fins de traitement desdites commandes. Les informations et donn\u00e9es des Acheteurs se rapportant \u00e0 la livraison sont transmises aux seules fins de permettre d\u2019exp\u00e9dier les \u0152uvres command\u00e9es. Elles ne peuvent en aucun cas \u00eatre utilis\u00e9es \u00e0 d\u2019autres fins. Sonia O s\u2019engage \u00e0 assurer la s\u00e9curit\u00e9 des donn\u00e9es \u00e0 caract\u00e8re personnel qu\u2019ils conservent pour les besoins de la r\u00e9alisation et du suivi des commandes. En cas de difficult\u00e9 concernant le traitement de ces donn\u00e9es, l\u2019Acheteur peut s\u2019adresser directement \u00e0 Sonia O, dans les conditions fix\u00e9es, suivant le cas, dans les CGU Acheteur ou dans les CGU Sonia O.<\/p>\n<p><strong>8- Nullit\u00e9 partielle<\/strong><\/p>\n<p>Si une ou plusieurs stipulations des pr\u00e9sentes CGV sont tenues pour non valides ou d\u00e9clar\u00e9es comme telles en application d\u2019une loi, d\u2019un r\u00e8glement ou d\u2019une d\u00e9cision d\u00e9finitive d\u2019une juridiction comp\u00e9tente, les autres stipulations garderont toute leur force et toute leur port\u00e9e.<\/p>\n<p><strong>9- Loi applicable<\/strong><\/p>\n<p>Les pr\u00e9sentes conditions g\u00e9n\u00e9rales sont soumises au droit fran\u00e7ais. Tout litige relatif \u00e0 leur interpr\u00e9tation et\/ou \u00e0 leur ex\u00e9cution rel\u00e8ve des juridictions fran\u00e7aises.<\/p>\n","protected":false},"excerpt":{"rendered":"<p>Artiste technique mixte E-mail : sonia.oliveira.48@hotmail.com N\u00b0 de SIRET : 87917230470018 Le pr\u00e9sent site Web et l\u2019ensemble de son contenu est prot\u00e9g\u00e9 par le droit d\u2019auteur. Ceci inclut textes, images, vid\u00e9os. Conform\u00e9ment \u00e0 l\u2019article L. 122-4 du Code de la propri\u00e9t\u00e9 intellectuelle fran\u00e7aise, il est interdit de reproduire, copier, modifier, transmettre, diffuser de toute mani\u00e8re [&hellip;]<\/p>\n","protected":false},"author":1,"featured_media":0,"parent":0,"menu_order":0,"comment_status":"closed","ping_status":"closed","template":"","meta":{"_acf_changed":false,"footnotes":""},"class_list":["post-3583","page","type-page","status-publish","hentry"],"acf":[],"yoast_head":"<!-- This site is optimized with the Yoast SEO plugin v27.4 - https:\/\/yoast.com\/product\/yoast-seo-wordpress\/ -->\n<title>Conditions g\u00e9n\u00e9rales de vente - Soniaoart<\/title>\n<meta name=\"robots\" content=\"noindex, nofollow\" \/>\n<meta property=\"og:locale\" content=\"fr_FR\" \/>\n<meta property=\"og:type\" content=\"article\" \/>\n<meta property=\"og:title\" content=\"Conditions g\u00e9n\u00e9rales de vente - Soniaoart\" \/>\n<meta property=\"og:description\" content=\"Artiste technique mixte E-mail : sonia.oliveira.48@hotmail.com N\u00b0 de SIRET : 87917230470018 Le pr\u00e9sent site Web et l\u2019ensemble de son contenu est prot\u00e9g\u00e9 par le droit d\u2019auteur. Ceci inclut textes, images, vid\u00e9os. Conform\u00e9ment \u00e0 l\u2019article L. 122-4 du Code de la propri\u00e9t\u00e9 intellectuelle fran\u00e7aise, il est interdit de reproduire, copier, modifier, transmettre, diffuser de toute mani\u00e8re [&hellip;]\" \/>\n<meta property=\"og:url\" content=\"https:\/\/www.soniaoart.com\/fr_fr\/conditions-generales-de-vente\/\" \/>\n<meta property=\"og:site_name\" content=\"Soniaoart\" \/>\n<meta property=\"article:modified_time\" content=\"2024-10-08T09:22:56+00:00\" \/>\n<meta name=\"twitter:card\" content=\"summary_large_image\" \/>\n<meta name=\"twitter:label1\" content=\"Dur\u00e9e de lecture estim\u00e9e\" \/>\n\t<meta name=\"twitter:data1\" content=\"10 minutes\" \/>\n<script type=\"application\/ld+json\" class=\"yoast-schema-graph\">{\"@context\":\"https:\\\/\\\/schema.org\",\"@graph\":[{\"@type\":\"WebPage\",\"@id\":\"https:\\\/\\\/www.soniaoart.com\\\/conditions-generales-de-vente\\\/\",\"url\":\"https:\\\/\\\/www.soniaoart.com\\\/conditions-generales-de-vente\\\/\",\"name\":\"Conditions g\u00e9n\u00e9rales de vente - Soniaoart\",\"isPartOf\":{\"@id\":\"https:\\\/\\\/www.soniaoart.com\\\/fr_fr\\\/#website\"},\"datePublished\":\"2022-04-15T14:37:34+00:00\",\"dateModified\":\"2024-10-08T09:22:56+00:00\",\"breadcrumb\":{\"@id\":\"https:\\\/\\\/www.soniaoart.com\\\/conditions-generales-de-vente\\\/#breadcrumb\"},\"inLanguage\":\"fr-FR\",\"potentialAction\":[{\"@type\":\"ReadAction\",\"target\":[\"https:\\\/\\\/www.soniaoart.com\\\/conditions-generales-de-vente\\\/\"]}]},{\"@type\":\"BreadcrumbList\",\"@id\":\"https:\\\/\\\/www.soniaoart.com\\\/conditions-generales-de-vente\\\/#breadcrumb\",\"itemListElement\":[{\"@type\":\"ListItem\",\"position\":1,\"name\":\"Accueil\",\"item\":\"https:\\\/\\\/www.soniaoart.com\\\/fr_fr\\\/\"},{\"@type\":\"ListItem\",\"position\":2,\"name\":\"Conditions g\u00e9n\u00e9rales de vente\"}]},{\"@type\":\"WebSite\",\"@id\":\"https:\\\/\\\/www.soniaoart.com\\\/fr_fr\\\/#website\",\"url\":\"https:\\\/\\\/www.soniaoart.com\\\/fr_fr\\\/\",\"name\":\"Soniaoart\",\"description\":\"Artiste Fran\u00e7aise, Peinture sur toiles &amp; Street Art\",\"potentialAction\":[{\"@type\":\"SearchAction\",\"target\":{\"@type\":\"EntryPoint\",\"urlTemplate\":\"https:\\\/\\\/www.soniaoart.com\\\/fr_fr\\\/?s={search_term_string}\"},\"query-input\":{\"@type\":\"PropertyValueSpecification\",\"valueRequired\":true,\"valueName\":\"search_term_string\"}}],\"inLanguage\":\"fr-FR\"}]}<\/script>\n<!-- \/ Yoast SEO plugin. -->","yoast_head_json":{"title":"Conditions g\u00e9n\u00e9rales de vente - Soniaoart","robots":{"index":"noindex","follow":"nofollow"},"og_locale":"fr_FR","og_type":"article","og_title":"Conditions g\u00e9n\u00e9rales de vente - Soniaoart","og_description":"Artiste technique mixte E-mail : sonia.oliveira.48@hotmail.com N\u00b0 de SIRET : 87917230470018 Le pr\u00e9sent site Web et l\u2019ensemble de son contenu est prot\u00e9g\u00e9 par le droit d\u2019auteur. Ceci inclut textes, images, vid\u00e9os. Conform\u00e9ment \u00e0 l\u2019article L. 122-4 du Code de la propri\u00e9t\u00e9 intellectuelle fran\u00e7aise, il est interdit de reproduire, copier, modifier, transmettre, diffuser de toute mani\u00e8re [&hellip;]","og_url":"https:\/\/www.soniaoart.com\/fr_fr\/conditions-generales-de-vente\/","og_site_name":"Soniaoart","article_modified_time":"2024-10-08T09:22:56+00:00","twitter_card":"summary_large_image","twitter_misc":{"Dur\u00e9e de lecture estim\u00e9e":"10 minutes"},"schema":{"@context":"https:\/\/schema.org","@graph":[{"@type":"WebPage","@id":"https:\/\/www.soniaoart.com\/conditions-generales-de-vente\/","url":"https:\/\/www.soniaoart.com\/conditions-generales-de-vente\/","name":"Conditions g\u00e9n\u00e9rales de vente - Soniaoart","isPartOf":{"@id":"https:\/\/www.soniaoart.com\/fr_fr\/#website"},"datePublished":"2022-04-15T14:37:34+00:00","dateModified":"2024-10-08T09:22:56+00:00","breadcrumb":{"@id":"https:\/\/www.soniaoart.com\/conditions-generales-de-vente\/#breadcrumb"},"inLanguage":"fr-FR","potentialAction":[{"@type":"ReadAction","target":["https:\/\/www.soniaoart.com\/conditions-generales-de-vente\/"]}]},{"@type":"BreadcrumbList","@id":"https:\/\/www.soniaoart.com\/conditions-generales-de-vente\/#breadcrumb","itemListElement":[{"@type":"ListItem","position":1,"name":"Accueil","item":"https:\/\/www.soniaoart.com\/fr_fr\/"},{"@type":"ListItem","position":2,"name":"Conditions g\u00e9n\u00e9rales de vente"}]},{"@type":"WebSite","@id":"https:\/\/www.soniaoart.com\/fr_fr\/#website","url":"https:\/\/www.soniaoart.com\/fr_fr\/","name":"Soniaoart","description":"Artiste Fran\u00e7aise, Peinture sur toiles &amp; Street Art","potentialAction":[{"@type":"SearchAction","target":{"@type":"EntryPoint","urlTemplate":"https:\/\/www.soniaoart.com\/fr_fr\/?s={search_term_string}"},"query-input":{"@type":"PropertyValueSpecification","valueRequired":true,"valueName":"search_term_string"}}],"inLanguage":"fr-FR"}]}},"_links":{"self":[{"href":"https:\/\/www.soniaoart.com\/fr_fr\/wp-json\/wp\/v2\/pages\/3583","targetHints":{"allow":["GET"]}}],"collection":[{"href":"https:\/\/www.soniaoart.com\/fr_fr\/wp-json\/wp\/v2\/pages"}],"about":[{"href":"https:\/\/www.soniaoart.com\/fr_fr\/wp-json\/wp\/v2\/types\/page"}],"author":[{"embeddable":true,"href":"https:\/\/www.soniaoart.com\/fr_fr\/wp-json\/wp\/v2\/users\/1"}],"replies":[{"embeddable":true,"href":"https:\/\/www.soniaoart.com\/fr_fr\/wp-json\/wp\/v2\/comments?post=3583"}],"version-history":[{"count":4,"href":"https:\/\/www.soniaoart.com\/fr_fr\/wp-json\/wp\/v2\/pages\/3583\/revisions"}],"predecessor-version":[{"id":5303,"href":"https:\/\/www.soniaoart.com\/fr_fr\/wp-json\/wp\/v2\/pages\/3583\/revisions\/5303"}],"wp:attachment":[{"href":"https:\/\/www.soniaoart.com\/fr_fr\/wp-json\/wp\/v2\/media?parent=3583"}],"curies":[{"name":"wp","href":"https:\/\/api.w.org\/{rel}","templated":true}]}}