{"id":2399,"date":"2021-06-11T08:24:20","date_gmt":"2021-06-11T08:24:20","guid":{"rendered":"https:\/\/www.soniaoart.com\/contacts-2\/"},"modified":"2022-04-29T18:24:24","modified_gmt":"2022-04-29T16:24:24","slug":"contact","status":"publish","type":"page","link":"https:\/\/www.soniaoart.com\/fr_fr\/contact\/","title":{"rendered":"Contact"},"content":{"rendered":"\t\t<div data-elementor-type=\"wp-page\" data-elementor-id=\"2399\" class=\"elementor elementor-2399\">\n\t\t\t\t\t\t<section class=\"elementor-section elementor-top-section elementor-element elementor-element-5ea883f elementor-hidden-mobile elementor-section-boxed elementor-section-height-default elementor-section-height-default\" data-id=\"5ea883f\" data-element_type=\"section\" data-e-type=\"section\">\n\t\t\t\t\t\t<div class=\"elementor-container elementor-column-gap-default\">\n\t\t\t\t\t<div class=\"elementor-column elementor-col-50 elementor-top-column elementor-element elementor-element-537820d\" data-id=\"537820d\" data-element_type=\"column\" data-e-type=\"column\" data-settings=\"{&quot;background_background&quot;:&quot;classic&quot;}\">\n\t\t\t<div class=\"elementor-widget-wrap elementor-element-populated\">\n\t\t\t\t\t\t<div class=\"elementor-element elementor-element-10dc040 elementor-widget elementor-widget-text-editor\" data-id=\"10dc040\" data-element_type=\"widget\" data-e-type=\"widget\" data-widget_type=\"text-editor.default\">\n\t\t\t\t<div class=\"elementor-widget-container\">\n\t\t\t\t\t\t\t\t\t<p><span style=\"color: #ffffff;\">Contact<br \/><\/span><\/p>\t\t\t\t\t\t\t\t<\/div>\n\t\t\t\t<\/div>\n\t\t\t\t<div class=\"elementor-element elementor-element-2e91442 elementor-widget elementor-widget-text-editor\" data-id=\"2e91442\" data-element_type=\"widget\" data-e-type=\"widget\" data-widget_type=\"text-editor.default\">\n\t\t\t\t<div class=\"elementor-widget-container\">\n\t\t\t\t\t\t\t\t\t<p>__<\/p><p>Pour passer commande d\u2019une \u0153uvre personnalis\u00e9e, ou me proposer un projet, n\u2019h\u00e9sitez pas \u00e0 me contacter via le formulaire de contact ci contre.<\/p>\t\t\t\t\t\t\t\t<\/div>\n\t\t\t\t<\/div>\n\t\t\t\t<div class=\"elementor-element elementor-element-8e4f8c2 elementor-widget elementor-widget-image\" data-id=\"8e4f8c2\" data-element_type=\"widget\" data-e-type=\"widget\" data-widget_type=\"image.default\">\n\t\t\t\t<div class=\"elementor-widget-container\">\n\t\t\t\t\t\t\t\t\t\t\t\t\t\t\t<img fetchpriority=\"high\" decoding=\"async\" width=\"688\" height=\"709\" src=\"https:\/\/www.soniaoart.com\/wp-content\/uploads\/2022\/04\/contact-1.jpg\" class=\"attachment-large size-large wp-image-4831\" alt=\"\" srcset=\"https:\/\/www.soniaoart.com\/wp-content\/uploads\/2022\/04\/contact-1.jpg 688w, https:\/\/www.soniaoart.com\/wp-content\/uploads\/2022\/04\/contact-1-600x618.jpg 600w, https:\/\/www.soniaoart.com\/wp-content\/uploads\/2022\/04\/contact-1-291x300.jpg 291w, https:\/\/www.soniaoart.com\/wp-content\/uploads\/2022\/04\/contact-1-12x12.jpg 12w, https:\/\/www.soniaoart.com\/wp-content\/uploads\/2022\/04\/contact-1-68x70.jpg 68w\" sizes=\"(max-width: 688px) 100vw, 688px\" \/>\t\t\t\t\t\t\t\t\t\t\t\t\t\t\t<\/div>\n\t\t\t\t<\/div>\n\t\t\t\t\t<\/div>\n\t\t<\/div>\n\t\t\t\t<div class=\"elementor-column elementor-col-50 elementor-top-column elementor-element elementor-element-c31a80e\" data-id=\"c31a80e\" data-element_type=\"column\" data-e-type=\"column\" data-settings=\"{&quot;background_background&quot;:&quot;classic&quot;}\">\n\t\t\t<div class=\"elementor-widget-wrap elementor-element-populated\">\n\t\t\t\t\t\t<div class=\"elementor-element elementor-element-086306c elementor-widget elementor-widget-spacer\" data-id=\"086306c\" data-element_type=\"widget\" data-e-type=\"widget\" data-widget_type=\"spacer.default\">\n\t\t\t\t<div class=\"elementor-widget-container\">\n\t\t\t\t\t\t\t<div class=\"elementor-spacer\">\n\t\t\t<div class=\"elementor-spacer-inner\"><\/div>\n\t\t<\/div>\n\t\t\t\t\t\t<\/div>\n\t\t\t\t<\/div>\n\t\t\t\t<div class=\"elementor-element elementor-element-54ac7e6 elementor-widget elementor-widget-text-editor\" data-id=\"54ac7e6\" data-element_type=\"widget\" data-e-type=\"widget\" data-widget_type=\"text-editor.default\">\n\t\t\t\t<div class=\"elementor-widget-container\">\n\t\t\t\t\t\t\t\t\t<p><span style=\"color: #ffffff;\">Formulaire de contact<br \/><\/span><\/p>\t\t\t\t\t\t\t\t<\/div>\n\t\t\t\t<\/div>\n\t\t\t\t<div class=\"elementor-element elementor-element-1401b22 elementor-widget elementor-widget-text-editor\" data-id=\"1401b22\" data-element_type=\"widget\" data-e-type=\"widget\" data-widget_type=\"text-editor.default\">\n\t\t\t\t<div class=\"elementor-widget-container\">\n\t\t\t\t\t\t\t\t\t<div class=\"wpcf7 no-js\" id=\"wpcf7-f8-o1\" lang=\"fr-FR\" dir=\"ltr\" data-wpcf7-id=\"8\">\n<div class=\"screen-reader-response\"><p role=\"status\" aria-live=\"polite\" aria-atomic=\"true\"><\/p> <ul><\/ul><\/div>\n<form action=\"\/fr_fr\/wp-json\/wp\/v2\/pages\/2399#wpcf7-f8-o1\" method=\"post\" class=\"wpcf7-form init\" aria-label=\"Formulaire de contact\" novalidate=\"novalidate\" data-status=\"init\">\n<fieldset class=\"hidden-fields-container\"><input type=\"hidden\" name=\"_wpcf7\" value=\"8\" \/><input type=\"hidden\" name=\"_wpcf7_version\" value=\"6.1.5\" \/><input type=\"hidden\" name=\"_wpcf7_locale\" value=\"fr_FR\" \/><input type=\"hidden\" name=\"_wpcf7_unit_tag\" value=\"wpcf7-f8-o1\" \/><input type=\"hidden\" name=\"_wpcf7_container_post\" value=\"0\" \/><input type=\"hidden\" name=\"_wpcf7_posted_data_hash\" value=\"\" \/><input type=\"hidden\" name=\"_wpcf7_recaptcha_response\" value=\"\" \/>\n<\/fieldset>\n<p><label>Nom <span>*<\/span><\/br> <span class=\"wpcf7-form-control-wrap\" data-name=\"your-name\"><input size=\"40\" maxlength=\"400\" class=\"wpcf7-form-control wpcf7-text wpcf7-validates-as-required\" aria-required=\"true\" aria-invalid=\"false\" value=\"\" type=\"text\" name=\"your-name\" \/><\/span> <\/label><\/p>\n\n<p><label>Adresse Mail  <span>*<\/span><\/br> <span class=\"wpcf7-form-control-wrap\" data-name=\"your-email\"><input size=\"40\" maxlength=\"400\" class=\"wpcf7-form-control wpcf7-email wpcf7-validates-as-required wpcf7-text wpcf7-validates-as-email\" aria-required=\"true\" aria-invalid=\"false\" value=\"\" type=\"email\" name=\"your-email\" \/><\/span> <\/label><\/p>\n\n<p><label>Num\u00e9ro de t\u00e9l\u00e9phone  <span>*<\/span><\/br> <span class=\"wpcf7-form-control-wrap\" data-name=\"your-phone\"><input size=\"40\" maxlength=\"400\" class=\"wpcf7-form-control wpcf7-tel wpcf7-validates-as-required wpcf7-text wpcf7-validates-as-tel\" aria-required=\"true\" aria-invalid=\"false\" value=\"\" type=\"tel\" name=\"your-phone\" \/><\/span> <\/label><\/p>\n\n<p><label>Objet de votre demande <span>*<\/span><\/br> <span class=\"wpcf7-form-control-wrap\" data-name=\"your-subject\"><input size=\"40\" maxlength=\"400\" class=\"wpcf7-form-control wpcf7-text wpcf7-validates-as-required\" aria-required=\"true\" aria-invalid=\"false\" value=\"\" type=\"text\" name=\"your-subject\" \/><\/span> <\/label><\/p>\n\n<p><label> Votre message <span>*<\/span><\/br><span class=\"wpcf7-form-control-wrap\" data-name=\"your-message\"><textarea cols=\"40\" rows=\"3\" maxlength=\"2000\" class=\"wpcf7-form-control wpcf7-textarea wpcf7-validates-as-required\" aria-required=\"true\" aria-invalid=\"false\" name=\"your-message\"><\/textarea><\/span> <\/label><\/p>\n\n<p><button type=\"submit\" value=\"submit\"><span>Envoyer<\/span><i class=\"opal-icon-arrow\" aria-hidden=\"true\"><\/i>\n<\/button><\/p><div class=\"wpcf7-response-output\" aria-hidden=\"true\"><\/div>\n<\/form>\n<\/div>\t\t\t\t\t\t\t\t<\/div>\n\t\t\t\t<\/div>\n\t\t\t\t\t<\/div>\n\t\t<\/div>\n\t\t\t\t\t<\/div>\n\t\t<\/section>\n\t\t\t\t<section class=\"elementor-section elementor-top-section elementor-element elementor-element-22632f9 elementor-hidden-desktop elementor-hidden-tablet elementor-section-boxed elementor-section-height-default elementor-section-height-default\" data-id=\"22632f9\" data-element_type=\"section\" data-e-type=\"section\">\n\t\t\t\t\t\t<div class=\"elementor-container elementor-column-gap-default\">\n\t\t\t\t\t<div class=\"elementor-column elementor-col-50 elementor-top-column elementor-element elementor-element-c4f91ea\" data-id=\"c4f91ea\" data-element_type=\"column\" data-e-type=\"column\" data-settings=\"{&quot;background_background&quot;:&quot;classic&quot;}\">\n\t\t\t<div class=\"elementor-widget-wrap elementor-element-populated\">\n\t\t\t\t\t\t<div class=\"elementor-element elementor-element-53b98c2 elementor-widget elementor-widget-text-editor\" data-id=\"53b98c2\" data-element_type=\"widget\" data-e-type=\"widget\" data-widget_type=\"text-editor.default\">\n\t\t\t\t<div class=\"elementor-widget-container\">\n\t\t\t\t\t\t\t\t\t<p><span style=\"color: #ffffff;\">Contact<br \/><\/span><\/p>\t\t\t\t\t\t\t\t<\/div>\n\t\t\t\t<\/div>\n\t\t\t\t<div class=\"elementor-element elementor-element-5568fa0 elementor-widget elementor-widget-text-editor\" data-id=\"5568fa0\" data-element_type=\"widget\" data-e-type=\"widget\" data-widget_type=\"text-editor.default\">\n\t\t\t\t<div class=\"elementor-widget-container\">\n\t\t\t\t\t\t\t\t\t<p>__<\/p><p>Pour passer commande d\u2019une \u0153uvre personnalis\u00e9e, ou me proposer un projet, n\u2019h\u00e9sitez pas \u00e0 me contacter via le formulaire de contact ci dessous.<\/p>\t\t\t\t\t\t\t\t<\/div>\n\t\t\t\t<\/div>\n\t\t\t\t<div class=\"elementor-element elementor-element-f59cd64 elementor-widget elementor-widget-image\" data-id=\"f59cd64\" data-element_type=\"widget\" data-e-type=\"widget\" data-widget_type=\"image.default\">\n\t\t\t\t<div class=\"elementor-widget-container\">\n\t\t\t\t\t\t\t\t\t\t\t\t\t\t\t<img fetchpriority=\"high\" decoding=\"async\" width=\"688\" height=\"709\" src=\"https:\/\/www.soniaoart.com\/wp-content\/uploads\/2022\/04\/contact-1.jpg\" class=\"attachment-large size-large wp-image-4831\" alt=\"\" srcset=\"https:\/\/www.soniaoart.com\/wp-content\/uploads\/2022\/04\/contact-1.jpg 688w, https:\/\/www.soniaoart.com\/wp-content\/uploads\/2022\/04\/contact-1-600x618.jpg 600w, https:\/\/www.soniaoart.com\/wp-content\/uploads\/2022\/04\/contact-1-291x300.jpg 291w, https:\/\/www.soniaoart.com\/wp-content\/uploads\/2022\/04\/contact-1-12x12.jpg 12w, https:\/\/www.soniaoart.com\/wp-content\/uploads\/2022\/04\/contact-1-68x70.jpg 68w\" sizes=\"(max-width: 688px) 100vw, 688px\" \/>\t\t\t\t\t\t\t\t\t\t\t\t\t\t\t<\/div>\n\t\t\t\t<\/div>\n\t\t\t\t\t<\/div>\n\t\t<\/div>\n\t\t\t\t<div class=\"elementor-column elementor-col-50 elementor-top-column elementor-element elementor-element-9d68670\" data-id=\"9d68670\" data-element_type=\"column\" data-e-type=\"column\" data-settings=\"{&quot;background_background&quot;:&quot;classic&quot;}\">\n\t\t\t<div class=\"elementor-widget-wrap elementor-element-populated\">\n\t\t\t\t\t\t<div class=\"elementor-element elementor-element-3f05377 elementor-widget elementor-widget-spacer\" data-id=\"3f05377\" data-element_type=\"widget\" data-e-type=\"widget\" data-widget_type=\"spacer.default\">\n\t\t\t\t<div class=\"elementor-widget-container\">\n\t\t\t\t\t\t\t<div class=\"elementor-spacer\">\n\t\t\t<div class=\"elementor-spacer-inner\"><\/div>\n\t\t<\/div>\n\t\t\t\t\t\t<\/div>\n\t\t\t\t<\/div>\n\t\t\t\t<div class=\"elementor-element elementor-element-1dfafeb elementor-widget elementor-widget-text-editor\" data-id=\"1dfafeb\" data-element_type=\"widget\" data-e-type=\"widget\" data-widget_type=\"text-editor.default\">\n\t\t\t\t<div class=\"elementor-widget-container\">\n\t\t\t\t\t\t\t\t\t<p><span style=\"color: #ffffff;\">Formulaire de contact<br \/><\/span><\/p>\t\t\t\t\t\t\t\t<\/div>\n\t\t\t\t<\/div>\n\t\t\t\t<div class=\"elementor-element elementor-element-a724177 elementor-widget elementor-widget-text-editor\" data-id=\"a724177\" data-element_type=\"widget\" data-e-type=\"widget\" data-widget_type=\"text-editor.default\">\n\t\t\t\t<div class=\"elementor-widget-container\">\n\t\t\t\t\t\t\t\t\t<div class=\"wpcf7 no-js\" id=\"wpcf7-f8-o2\" lang=\"fr-FR\" dir=\"ltr\" data-wpcf7-id=\"8\">\n<div class=\"screen-reader-response\"><p role=\"status\" aria-live=\"polite\" aria-atomic=\"true\"><\/p> <ul><\/ul><\/div>\n<form action=\"\/fr_fr\/wp-json\/wp\/v2\/pages\/2399#wpcf7-f8-o2\" method=\"post\" class=\"wpcf7-form init\" aria-label=\"Formulaire de contact\" novalidate=\"novalidate\" data-status=\"init\">\n<fieldset class=\"hidden-fields-container\"><input type=\"hidden\" name=\"_wpcf7\" value=\"8\" \/><input type=\"hidden\" name=\"_wpcf7_version\" value=\"6.1.5\" \/><input type=\"hidden\" name=\"_wpcf7_locale\" value=\"fr_FR\" \/><input type=\"hidden\" name=\"_wpcf7_unit_tag\" value=\"wpcf7-f8-o2\" \/><input type=\"hidden\" name=\"_wpcf7_container_post\" value=\"0\" \/><input type=\"hidden\" name=\"_wpcf7_posted_data_hash\" value=\"\" \/><input type=\"hidden\" name=\"_wpcf7_recaptcha_response\" value=\"\" \/>\n<\/fieldset>\n<p><label>Nom <span>*<\/span><\/br> <span class=\"wpcf7-form-control-wrap\" data-name=\"your-name\"><input size=\"40\" maxlength=\"400\" class=\"wpcf7-form-control wpcf7-text wpcf7-validates-as-required\" aria-required=\"true\" aria-invalid=\"false\" value=\"\" type=\"text\" name=\"your-name\" \/><\/span> <\/label><\/p>\n\n<p><label>Adresse Mail  <span>*<\/span><\/br> <span class=\"wpcf7-form-control-wrap\" data-name=\"your-email\"><input size=\"40\" maxlength=\"400\" class=\"wpcf7-form-control wpcf7-email wpcf7-validates-as-required wpcf7-text wpcf7-validates-as-email\" aria-required=\"true\" aria-invalid=\"false\" value=\"\" type=\"email\" name=\"your-email\" \/><\/span> <\/label><\/p>\n\n<p><label>Num\u00e9ro de t\u00e9l\u00e9phone  <span>*<\/span><\/br> <span class=\"wpcf7-form-control-wrap\" data-name=\"your-phone\"><input size=\"40\" maxlength=\"400\" class=\"wpcf7-form-control wpcf7-tel wpcf7-validates-as-required wpcf7-text wpcf7-validates-as-tel\" aria-required=\"true\" aria-invalid=\"false\" value=\"\" type=\"tel\" name=\"your-phone\" \/><\/span> <\/label><\/p>\n\n<p><label>Objet de votre demande <span>*<\/span><\/br> <span class=\"wpcf7-form-control-wrap\" data-name=\"your-subject\"><input size=\"40\" maxlength=\"400\" class=\"wpcf7-form-control wpcf7-text wpcf7-validates-as-required\" aria-required=\"true\" aria-invalid=\"false\" value=\"\" type=\"text\" name=\"your-subject\" \/><\/span> <\/label><\/p>\n\n<p><label> Votre message <span>*<\/span><\/br><span class=\"wpcf7-form-control-wrap\" data-name=\"your-message\"><textarea cols=\"40\" rows=\"3\" maxlength=\"2000\" class=\"wpcf7-form-control wpcf7-textarea wpcf7-validates-as-required\" aria-required=\"true\" aria-invalid=\"false\" name=\"your-message\"><\/textarea><\/span> <\/label><\/p>\n\n<p><button type=\"submit\" value=\"submit\"><span>Envoyer<\/span><i class=\"opal-icon-arrow\" aria-hidden=\"true\"><\/i>\n<\/button><\/p><div class=\"wpcf7-response-output\" aria-hidden=\"true\"><\/div>\n<\/form>\n<\/div>\t\t\t\t\t\t\t\t<\/div>\n\t\t\t\t<\/div>\n\t\t\t\t\t<\/div>\n\t\t<\/div>\n\t\t\t\t\t<\/div>\n\t\t<\/section>\n\t\t\t\t<\/div>\n\t\t","protected":false},"excerpt":{"rendered":"<p>Contact __ Pour passer commande d\u2019une \u0153uvre personnalis\u00e9e, ou me proposer un projet, n\u2019h\u00e9sitez pas \u00e0 me contacter via le formulaire de contact ci contre. Formulaire de contact Contact __ Pour passer commande d\u2019une \u0153uvre personnalis\u00e9e, ou me proposer un projet, n\u2019h\u00e9sitez pas \u00e0 me contacter via le formulaire de contact ci dessous. Formulaire de [&hellip;]<\/p>\n","protected":false},"author":1,"featured_media":0,"parent":0,"menu_order":0,"comment_status":"closed","ping_status":"closed","template":"template-landing.php","meta":{"_acf_changed":false,"footnotes":""},"class_list":["post-2399","page","type-page","status-publish","hentry"],"acf":[],"yoast_head":"<!-- This site is optimized with the Yoast SEO plugin v27.4 - https:\/\/yoast.com\/product\/yoast-seo-wordpress\/ -->\n<title>Sonia O , Artiste fran\u00e7aise. Peintures sur toiles &amp; Street Art - Contact<\/title>\n<meta name=\"description\" content=\"Pour passer commande d\u2019une \u0153uvre personnalis\u00e9e, ou proposer un projet \u00e0 Sonia O, n&#039;h\u00e9sitez pas \u00e0 la contacter.\" \/>\n<meta name=\"robots\" content=\"index, follow, max-snippet:-1, max-image-preview:large, max-video-preview:-1\" \/>\n<link rel=\"canonical\" href=\"https:\/\/www.soniaoart.com\/fr_fr\/contact\/\" \/>\n<meta property=\"og:locale\" content=\"fr_FR\" \/>\n<meta property=\"og:type\" content=\"article\" \/>\n<meta property=\"og:title\" content=\"Sonia O , Artiste fran\u00e7aise. Peintures sur toiles &amp; Street Art - Contact\" \/>\n<meta property=\"og:description\" content=\"Pour passer commande d\u2019une \u0153uvre personnalis\u00e9e, ou proposer un projet \u00e0 Sonia O, n&#039;h\u00e9sitez pas \u00e0 la contacter.\" \/>\n<meta property=\"og:url\" content=\"https:\/\/www.soniaoart.com\/fr_fr\/contact\/\" \/>\n<meta property=\"og:site_name\" content=\"Soniaoart\" \/>\n<meta property=\"article:modified_time\" content=\"2022-04-29T16:24:24+00:00\" \/>\n<meta property=\"og:image\" content=\"https:\/\/www.soniaoart.com\/wp-content\/uploads\/2022\/04\/contact-1.jpg\" \/>\n<meta name=\"twitter:card\" content=\"summary_large_image\" \/>\n<meta name=\"twitter:label1\" content=\"Dur\u00e9e de lecture estim\u00e9e\" \/>\n\t<meta name=\"twitter:data1\" content=\"1 minute\" \/>\n<script type=\"application\/ld+json\" class=\"yoast-schema-graph\">{\"@context\":\"https:\\\/\\\/schema.org\",\"@graph\":[{\"@type\":\"WebPage\",\"@id\":\"https:\\\/\\\/www.soniaoart.com\\\/fr_fr\\\/contact\\\/\",\"url\":\"https:\\\/\\\/www.soniaoart.com\\\/fr_fr\\\/contact\\\/\",\"name\":\"Sonia O , Artiste fran\u00e7aise. Peintures sur toiles & Street Art - Contact\",\"isPartOf\":{\"@id\":\"https:\\\/\\\/www.soniaoart.com\\\/fr_fr\\\/#website\"},\"primaryImageOfPage\":{\"@id\":\"https:\\\/\\\/www.soniaoart.com\\\/fr_fr\\\/contact\\\/#primaryimage\"},\"image\":{\"@id\":\"https:\\\/\\\/www.soniaoart.com\\\/fr_fr\\\/contact\\\/#primaryimage\"},\"thumbnailUrl\":\"https:\\\/\\\/www.soniaoart.com\\\/wp-content\\\/uploads\\\/2022\\\/04\\\/contact-1.jpg\",\"datePublished\":\"2021-06-11T08:24:20+00:00\",\"dateModified\":\"2022-04-29T16:24:24+00:00\",\"description\":\"Pour passer commande d\u2019une \u0153uvre personnalis\u00e9e, ou proposer un projet \u00e0 Sonia O, n'h\u00e9sitez pas \u00e0 la contacter.\",\"breadcrumb\":{\"@id\":\"https:\\\/\\\/www.soniaoart.com\\\/fr_fr\\\/contact\\\/#breadcrumb\"},\"inLanguage\":\"fr-FR\",\"potentialAction\":[{\"@type\":\"ReadAction\",\"target\":[\"https:\\\/\\\/www.soniaoart.com\\\/fr_fr\\\/contact\\\/\"]}]},{\"@type\":\"ImageObject\",\"inLanguage\":\"fr-FR\",\"@id\":\"https:\\\/\\\/www.soniaoart.com\\\/fr_fr\\\/contact\\\/#primaryimage\",\"url\":\"https:\\\/\\\/www.soniaoart.com\\\/wp-content\\\/uploads\\\/2022\\\/04\\\/contact-1.jpg\",\"contentUrl\":\"https:\\\/\\\/www.soniaoart.com\\\/wp-content\\\/uploads\\\/2022\\\/04\\\/contact-1.jpg\"},{\"@type\":\"BreadcrumbList\",\"@id\":\"https:\\\/\\\/www.soniaoart.com\\\/fr_fr\\\/contact\\\/#breadcrumb\",\"itemListElement\":[{\"@type\":\"ListItem\",\"position\":1,\"name\":\"Accueil\",\"item\":\"https:\\\/\\\/www.soniaoart.com\\\/fr_fr\\\/\"},{\"@type\":\"ListItem\",\"position\":2,\"name\":\"Contact\"}]},{\"@type\":\"WebSite\",\"@id\":\"https:\\\/\\\/www.soniaoart.com\\\/fr_fr\\\/#website\",\"url\":\"https:\\\/\\\/www.soniaoart.com\\\/fr_fr\\\/\",\"name\":\"Soniaoart\",\"description\":\"Artiste Fran\u00e7aise, Peinture sur toiles &amp; Street Art\",\"potentialAction\":[{\"@type\":\"SearchAction\",\"target\":{\"@type\":\"EntryPoint\",\"urlTemplate\":\"https:\\\/\\\/www.soniaoart.com\\\/fr_fr\\\/?s={search_term_string}\"},\"query-input\":{\"@type\":\"PropertyValueSpecification\",\"valueRequired\":true,\"valueName\":\"search_term_string\"}}],\"inLanguage\":\"fr-FR\"}]}<\/script>\n<!-- \/ Yoast SEO plugin. -->","yoast_head_json":{"title":"Sonia O , Artiste fran\u00e7aise. Peintures sur toiles & Street Art - Contact","description":"Pour passer commande d\u2019une \u0153uvre personnalis\u00e9e, ou proposer un projet \u00e0 Sonia O, n'h\u00e9sitez pas \u00e0 la contacter.","robots":{"index":"index","follow":"follow","max-snippet":"max-snippet:-1","max-image-preview":"max-image-preview:large","max-video-preview":"max-video-preview:-1"},"canonical":"https:\/\/www.soniaoart.com\/fr_fr\/contact\/","og_locale":"fr_FR","og_type":"article","og_title":"Sonia O , Artiste fran\u00e7aise. Peintures sur toiles & Street Art - Contact","og_description":"Pour passer commande d\u2019une \u0153uvre personnalis\u00e9e, ou proposer un projet \u00e0 Sonia O, n'h\u00e9sitez pas \u00e0 la contacter.","og_url":"https:\/\/www.soniaoart.com\/fr_fr\/contact\/","og_site_name":"Soniaoart","article_modified_time":"2022-04-29T16:24:24+00:00","og_image":[{"url":"https:\/\/www.soniaoart.com\/wp-content\/uploads\/2022\/04\/contact-1.jpg","type":"","width":"","height":""}],"twitter_card":"summary_large_image","twitter_misc":{"Dur\u00e9e de lecture estim\u00e9e":"1 minute"},"schema":{"@context":"https:\/\/schema.org","@graph":[{"@type":"WebPage","@id":"https:\/\/www.soniaoart.com\/fr_fr\/contact\/","url":"https:\/\/www.soniaoart.com\/fr_fr\/contact\/","name":"Sonia O , Artiste fran\u00e7aise. Peintures sur toiles & Street Art - Contact","isPartOf":{"@id":"https:\/\/www.soniaoart.com\/fr_fr\/#website"},"primaryImageOfPage":{"@id":"https:\/\/www.soniaoart.com\/fr_fr\/contact\/#primaryimage"},"image":{"@id":"https:\/\/www.soniaoart.com\/fr_fr\/contact\/#primaryimage"},"thumbnailUrl":"https:\/\/www.soniaoart.com\/wp-content\/uploads\/2022\/04\/contact-1.jpg","datePublished":"2021-06-11T08:24:20+00:00","dateModified":"2022-04-29T16:24:24+00:00","description":"Pour passer commande d\u2019une \u0153uvre personnalis\u00e9e, ou proposer un projet \u00e0 Sonia O, n'h\u00e9sitez pas \u00e0 la contacter.","breadcrumb":{"@id":"https:\/\/www.soniaoart.com\/fr_fr\/contact\/#breadcrumb"},"inLanguage":"fr-FR","potentialAction":[{"@type":"ReadAction","target":["https:\/\/www.soniaoart.com\/fr_fr\/contact\/"]}]},{"@type":"ImageObject","inLanguage":"fr-FR","@id":"https:\/\/www.soniaoart.com\/fr_fr\/contact\/#primaryimage","url":"https:\/\/www.soniaoart.com\/wp-content\/uploads\/2022\/04\/contact-1.jpg","contentUrl":"https:\/\/www.soniaoart.com\/wp-content\/uploads\/2022\/04\/contact-1.jpg"},{"@type":"BreadcrumbList","@id":"https:\/\/www.soniaoart.com\/fr_fr\/contact\/#breadcrumb","itemListElement":[{"@type":"ListItem","position":1,"name":"Accueil","item":"https:\/\/www.soniaoart.com\/fr_fr\/"},{"@type":"ListItem","position":2,"name":"Contact"}]},{"@type":"WebSite","@id":"https:\/\/www.soniaoart.com\/fr_fr\/#website","url":"https:\/\/www.soniaoart.com\/fr_fr\/","name":"Soniaoart","description":"Artiste Fran\u00e7aise, Peinture sur toiles &amp; Street Art","potentialAction":[{"@type":"SearchAction","target":{"@type":"EntryPoint","urlTemplate":"https:\/\/www.soniaoart.com\/fr_fr\/?s={search_term_string}"},"query-input":{"@type":"PropertyValueSpecification","valueRequired":true,"valueName":"search_term_string"}}],"inLanguage":"fr-FR"}]}},"_links":{"self":[{"href":"https:\/\/www.soniaoart.com\/fr_fr\/wp-json\/wp\/v2\/pages\/2399","targetHints":{"allow":["GET"]}}],"collection":[{"href":"https:\/\/www.soniaoart.com\/fr_fr\/wp-json\/wp\/v2\/pages"}],"about":[{"href":"https:\/\/www.soniaoart.com\/fr_fr\/wp-json\/wp\/v2\/types\/page"}],"author":[{"embeddable":true,"href":"https:\/\/www.soniaoart.com\/fr_fr\/wp-json\/wp\/v2\/users\/1"}],"replies":[{"embeddable":true,"href":"https:\/\/www.soniaoart.com\/fr_fr\/wp-json\/wp\/v2\/comments?post=2399"}],"version-history":[{"count":93,"href":"https:\/\/www.soniaoart.com\/fr_fr\/wp-json\/wp\/v2\/pages\/2399\/revisions"}],"predecessor-version":[{"id":4848,"href":"https:\/\/www.soniaoart.com\/fr_fr\/wp-json\/wp\/v2\/pages\/2399\/revisions\/4848"}],"wp:attachment":[{"href":"https:\/\/www.soniaoart.com\/fr_fr\/wp-json\/wp\/v2\/media?parent=2399"}],"curies":[{"name":"wp","href":"https:\/\/api.w.org\/{rel}","templated":true}]}}