{"id":5142,"date":"2022-12-04T15:50:18","date_gmt":"2022-12-04T14:50:18","guid":{"rendered":"https:\/\/www.soniaoart.com\/?post_type=product&#038;p=5142"},"modified":"2025-04-14T12:32:29","modified_gmt":"2025-04-14T10:32:29","slug":"au-fil-des-jours","status":"publish","type":"product","link":"https:\/\/www.soniaoart.com\/en\/product\/au-fil-des-jours\/","title":{"rendered":"AU FIL DES JOURS"},"content":{"rendered":"","protected":false},"excerpt":{"rendered":"<h4>Titre : Au fil des jours<\/h4>\n<p><strong>Technique : <\/strong>Peinture acrylique \/ aquarelle<strong><br \/>\nSupport : <\/strong>Papier journal authentique des ann\u00e9es 20<strong><br \/>\nEncadrement :<\/strong> Oui<br \/>\n<strong>Dimensions\u00a0:<\/strong> 21\/29.7 cm &#8211; A4<br \/>\n<strong>Finition :<\/strong> Vernis bombe<br \/>\n<strong>Ann\u00e9e de r\u00e9alisation\u00a0:<\/strong> 2022<\/p>\n<p>&nbsp;<\/p>\n<p><strong><em>\u0152uvre unique livr\u00e9e avec son certificat d&#8217;authenticit\u00e9.<\/em><\/strong><\/p>\n<p>&nbsp;<\/p>","protected":false},"featured_media":5143,"template":"","meta":{"_acf_changed":false},"product_brand":[],"product_cat":[22],"product_tag":[],"class_list":{"0":"post-5142","1":"product","2":"type-product","3":"status-publish","4":"has-post-thumbnail","6":"product_cat-toiles","8":"first","9":"outofstock","10":"sold-individually","11":"shipping-taxable","12":"purchasable","13":"product-type-simple"},"acf":[],"yoast_head":"<!-- This site is optimized with the Yoast SEO plugin v27.4 - https:\/\/yoast.com\/product\/yoast-seo-wordpress\/ -->\n<title>AU FIL DES JOURS - Soniaoart<\/title>\n<meta name=\"robots\" content=\"index, follow, max-snippet:-1, max-image-preview:large, max-video-preview:-1\" \/>\n<link rel=\"canonical\" href=\"https:\/\/www.soniaoart.com\/en\/product\/au-fil-des-jours\/\" \/>\n<meta property=\"og:locale\" content=\"en_GB\" \/>\n<meta property=\"og:type\" content=\"article\" \/>\n<meta property=\"og:title\" content=\"AU FIL DES JOURS - Soniaoart\" \/>\n<meta property=\"og:description\" content=\"Titre : Au fil des jours Technique : Peinture acrylique \/ aquarelle Support : Papier journal authentique des ann\u00e9es 20 Encadrement : Oui Dimensions\u00a0: 21\/29.7 cm - A4 Finition : Vernis bombe Ann\u00e9e de r\u00e9alisation\u00a0: 2022  &nbsp;  \u0152uvre unique livr\u00e9e avec son certificat d&#039;authenticit\u00e9.  &nbsp;\" \/>\n<meta property=\"og:url\" content=\"https:\/\/www.soniaoart.com\/en\/product\/au-fil-des-jours\/\" \/>\n<meta property=\"og:site_name\" content=\"Soniaoart\" \/>\n<meta property=\"article:modified_time\" content=\"2025-04-14T10:32:29+00:00\" \/>\n<meta property=\"og:image\" content=\"https:\/\/www.soniaoart.com\/wp-content\/uploads\/2022\/12\/IMG_20221204_154812_440_copy_768x960.jpg\" \/>\n\t<meta property=\"og:image:width\" content=\"768\" \/>\n\t<meta property=\"og:image:height\" content=\"960\" \/>\n\t<meta property=\"og:image:type\" content=\"image\/jpeg\" \/>\n<meta name=\"twitter:card\" content=\"summary_large_image\" \/>\n<script type=\"application\/ld+json\" class=\"yoast-schema-graph\">{\"@context\":\"https:\\\/\\\/schema.org\",\"@graph\":[{\"@type\":\"WebPage\",\"@id\":\"https:\\\/\\\/www.soniaoart.com\\\/product\\\/au-fil-des-jours\\\/\",\"url\":\"https:\\\/\\\/www.soniaoart.com\\\/product\\\/au-fil-des-jours\\\/\",\"name\":\"AU FIL DES JOURS - Soniaoart\",\"isPartOf\":{\"@id\":\"https:\\\/\\\/www.soniaoart.com\\\/fr_fr\\\/#website\"},\"primaryImageOfPage\":{\"@id\":\"https:\\\/\\\/www.soniaoart.com\\\/product\\\/au-fil-des-jours\\\/#primaryimage\"},\"image\":{\"@id\":\"https:\\\/\\\/www.soniaoart.com\\\/product\\\/au-fil-des-jours\\\/#primaryimage\"},\"thumbnailUrl\":\"https:\\\/\\\/www.soniaoart.com\\\/wp-content\\\/uploads\\\/2022\\\/12\\\/IMG_20221204_154812_440_copy_768x960.jpg\",\"datePublished\":\"2022-12-04T14:50:18+00:00\",\"dateModified\":\"2025-04-14T10:32:29+00:00\",\"breadcrumb\":{\"@id\":\"https:\\\/\\\/www.soniaoart.com\\\/product\\\/au-fil-des-jours\\\/#breadcrumb\"},\"inLanguage\":\"en-GB\",\"potentialAction\":[{\"@type\":\"ReadAction\",\"target\":[\"https:\\\/\\\/www.soniaoart.com\\\/product\\\/au-fil-des-jours\\\/\"]}]},{\"@type\":\"ImageObject\",\"inLanguage\":\"en-GB\",\"@id\":\"https:\\\/\\\/www.soniaoart.com\\\/product\\\/au-fil-des-jours\\\/#primaryimage\",\"url\":\"https:\\\/\\\/www.soniaoart.com\\\/wp-content\\\/uploads\\\/2022\\\/12\\\/IMG_20221204_154812_440_copy_768x960.jpg\",\"contentUrl\":\"https:\\\/\\\/www.soniaoart.com\\\/wp-content\\\/uploads\\\/2022\\\/12\\\/IMG_20221204_154812_440_copy_768x960.jpg\",\"width\":768,\"height\":960},{\"@type\":\"BreadcrumbList\",\"@id\":\"https:\\\/\\\/www.soniaoart.com\\\/product\\\/au-fil-des-jours\\\/#breadcrumb\",\"itemListElement\":[{\"@type\":\"ListItem\",\"position\":1,\"name\":\"Accueil\",\"item\":\"https:\\\/\\\/www.soniaoart.com\\\/fr_fr\\\/\"},{\"@type\":\"ListItem\",\"position\":2,\"name\":\"Shop\",\"item\":\"https:\\\/\\\/www.soniaoart.com\\\/shop\\\/\"},{\"@type\":\"ListItem\",\"position\":3,\"name\":\"AU FIL DES JOURS\"}]},{\"@type\":\"WebSite\",\"@id\":\"https:\\\/\\\/www.soniaoart.com\\\/fr_fr\\\/#website\",\"url\":\"https:\\\/\\\/www.soniaoart.com\\\/fr_fr\\\/\",\"name\":\"Soniaoart\",\"description\":\"Artiste Fran\u00e7aise, Peinture sur toiles &amp; Street Art\",\"potentialAction\":[{\"@type\":\"SearchAction\",\"target\":{\"@type\":\"EntryPoint\",\"urlTemplate\":\"https:\\\/\\\/www.soniaoart.com\\\/fr_fr\\\/?s={search_term_string}\"},\"query-input\":{\"@type\":\"PropertyValueSpecification\",\"valueRequired\":true,\"valueName\":\"search_term_string\"}}],\"inLanguage\":\"en-GB\"}]}<\/script>\n<!-- \/ Yoast SEO plugin. -->","yoast_head_json":{"title":"AU FIL DES JOURS - Soniaoart","robots":{"index":"index","follow":"follow","max-snippet":"max-snippet:-1","max-image-preview":"max-image-preview:large","max-video-preview":"max-video-preview:-1"},"canonical":"https:\/\/www.soniaoart.com\/en\/product\/au-fil-des-jours\/","og_locale":"en_GB","og_type":"article","og_title":"AU FIL DES JOURS - Soniaoart","og_description":"Titre : Au fil des jours Technique : Peinture acrylique \/ aquarelle Support : Papier journal authentique des ann\u00e9es 20 Encadrement : Oui Dimensions\u00a0: 21\/29.7 cm - A4 Finition : Vernis bombe Ann\u00e9e de r\u00e9alisation\u00a0: 2022  &nbsp;  \u0152uvre unique livr\u00e9e avec son certificat d'authenticit\u00e9.  &nbsp;","og_url":"https:\/\/www.soniaoart.com\/en\/product\/au-fil-des-jours\/","og_site_name":"Soniaoart","article_modified_time":"2025-04-14T10:32:29+00:00","og_image":[{"width":768,"height":960,"url":"https:\/\/www.soniaoart.com\/wp-content\/uploads\/2022\/12\/IMG_20221204_154812_440_copy_768x960.jpg","type":"image\/jpeg"}],"twitter_card":"summary_large_image","schema":{"@context":"https:\/\/schema.org","@graph":[{"@type":"WebPage","@id":"https:\/\/www.soniaoart.com\/product\/au-fil-des-jours\/","url":"https:\/\/www.soniaoart.com\/product\/au-fil-des-jours\/","name":"AU FIL DES JOURS - Soniaoart","isPartOf":{"@id":"https:\/\/www.soniaoart.com\/fr_fr\/#website"},"primaryImageOfPage":{"@id":"https:\/\/www.soniaoart.com\/product\/au-fil-des-jours\/#primaryimage"},"image":{"@id":"https:\/\/www.soniaoart.com\/product\/au-fil-des-jours\/#primaryimage"},"thumbnailUrl":"https:\/\/www.soniaoart.com\/wp-content\/uploads\/2022\/12\/IMG_20221204_154812_440_copy_768x960.jpg","datePublished":"2022-12-04T14:50:18+00:00","dateModified":"2025-04-14T10:32:29+00:00","breadcrumb":{"@id":"https:\/\/www.soniaoart.com\/product\/au-fil-des-jours\/#breadcrumb"},"inLanguage":"en-GB","potentialAction":[{"@type":"ReadAction","target":["https:\/\/www.soniaoart.com\/product\/au-fil-des-jours\/"]}]},{"@type":"ImageObject","inLanguage":"en-GB","@id":"https:\/\/www.soniaoart.com\/product\/au-fil-des-jours\/#primaryimage","url":"https:\/\/www.soniaoart.com\/wp-content\/uploads\/2022\/12\/IMG_20221204_154812_440_copy_768x960.jpg","contentUrl":"https:\/\/www.soniaoart.com\/wp-content\/uploads\/2022\/12\/IMG_20221204_154812_440_copy_768x960.jpg","width":768,"height":960},{"@type":"BreadcrumbList","@id":"https:\/\/www.soniaoart.com\/product\/au-fil-des-jours\/#breadcrumb","itemListElement":[{"@type":"ListItem","position":1,"name":"Accueil","item":"https:\/\/www.soniaoart.com\/fr_fr\/"},{"@type":"ListItem","position":2,"name":"Shop","item":"https:\/\/www.soniaoart.com\/shop\/"},{"@type":"ListItem","position":3,"name":"AU FIL DES JOURS"}]},{"@type":"WebSite","@id":"https:\/\/www.soniaoart.com\/fr_fr\/#website","url":"https:\/\/www.soniaoart.com\/fr_fr\/","name":"Soniaoart","description":"Artiste Fran\u00e7aise, Peinture sur toiles &amp; Street Art","potentialAction":[{"@type":"SearchAction","target":{"@type":"EntryPoint","urlTemplate":"https:\/\/www.soniaoart.com\/fr_fr\/?s={search_term_string}"},"query-input":{"@type":"PropertyValueSpecification","valueRequired":true,"valueName":"search_term_string"}}],"inLanguage":"en-GB"}]}},"_links":{"self":[{"href":"https:\/\/www.soniaoart.com\/en\/wp-json\/wp\/v2\/product\/5142","targetHints":{"allow":["GET"]}}],"collection":[{"href":"https:\/\/www.soniaoart.com\/en\/wp-json\/wp\/v2\/product"}],"about":[{"href":"https:\/\/www.soniaoart.com\/en\/wp-json\/wp\/v2\/types\/product"}],"wp:featuredmedia":[{"embeddable":true,"href":"https:\/\/www.soniaoart.com\/en\/wp-json\/wp\/v2\/media\/5143"}],"wp:attachment":[{"href":"https:\/\/www.soniaoart.com\/en\/wp-json\/wp\/v2\/media?parent=5142"}],"wp:term":[{"taxonomy":"product_brand","embeddable":true,"href":"https:\/\/www.soniaoart.com\/en\/wp-json\/wp\/v2\/product_brand?post=5142"},{"taxonomy":"product_cat","embeddable":true,"href":"https:\/\/www.soniaoart.com\/en\/wp-json\/wp\/v2\/product_cat?post=5142"},{"taxonomy":"product_tag","embeddable":true,"href":"https:\/\/www.soniaoart.com\/en\/wp-json\/wp\/v2\/product_tag?post=5142"}],"curies":[{"name":"wp","href":"https:\/\/api.w.org\/{rel}","templated":true}]}}