{"id":4940,"date":"2022-04-30T08:02:14","date_gmt":"2022-04-30T06:02:14","guid":{"rendered":"https:\/\/www.soniaoart.com\/?post_type=product&#038;p=4940"},"modified":"2025-04-15T07:34:21","modified_gmt":"2025-04-15T05:34:21","slug":"fragile","status":"publish","type":"product","link":"https:\/\/www.soniaoart.com\/en\/product\/fragile\/","title":{"rendered":"Fragile"},"content":{"rendered":"","protected":false},"excerpt":{"rendered":"<h4>Titre : Fragile<\/h4>\n<p><strong><b>Collaboration<\/b> : <\/strong>Toile r\u00e9alis\u00e9e avec l&#8217;artiste <span style=\"color: #ffffff;\"><a style=\"font-size: 1rem; color: #ffffff;\" href=\"http:\/\/www.swebarts.com\" target=\"_blank\" rel=\"noopener\">SWeb<\/a><\/span><strong><br \/>\nTechnique : <\/strong>Peinture acrylique sur toile, posca<strong><br \/>\nSupport :<\/strong> Ch\u00e2ssis Entoil\u00e9<br \/>\n<strong>Dimensions\u00a0:<\/strong> 40&#215;30 cm<br \/>\n<strong>Finition :<\/strong> Vernis bombe<br \/>\n<strong>Ann\u00e9e de r\u00e9alisation\u00a0:<\/strong> 2021<\/p>\n<p>&nbsp;<\/p>\n<p><strong><em>\u0152uvre unique livr\u00e9e avec son certificat d&#8217;authenticit\u00e9.<\/em><\/strong><\/p>\n<p>&nbsp;<\/p>","protected":false},"featured_media":4878,"template":"","meta":{"_acf_changed":false},"product_brand":[],"product_cat":[22],"product_tag":[],"class_list":{"0":"post-4940","1":"product","2":"type-product","3":"status-publish","4":"has-post-thumbnail","6":"product_cat-toiles","8":"first","9":"instock","10":"sold-individually","11":"shipping-taxable","12":"purchasable","13":"product-type-simple"},"acf":[],"yoast_head":"<!-- This site is optimized with the Yoast SEO plugin v27.3 - https:\/\/yoast.com\/product\/yoast-seo-wordpress\/ -->\n<title>Fragile - Soniaoart<\/title>\n<meta name=\"robots\" content=\"index, follow, max-snippet:-1, max-image-preview:large, max-video-preview:-1\" \/>\n<link rel=\"canonical\" href=\"https:\/\/www.soniaoart.com\/en\/product\/fragile\/\" \/>\n<meta property=\"og:locale\" content=\"en_GB\" \/>\n<meta property=\"og:type\" content=\"article\" \/>\n<meta property=\"og:title\" content=\"Fragile - Soniaoart\" \/>\n<meta property=\"og:description\" content=\"Titre : Fragile Collaboration : Toile r\u00e9alis\u00e9e avec l&#039;artiste SWeb Technique : Peinture acrylique sur toile, posca Support : Ch\u00e2ssis Entoil\u00e9 Dimensions\u00a0: 40x30 cm Finition : Vernis bombe Ann\u00e9e de r\u00e9alisation\u00a0: 2021  &nbsp;  \u0152uvre unique livr\u00e9e avec son certificat d&#039;authenticit\u00e9.  &nbsp;\" \/>\n<meta property=\"og:url\" content=\"https:\/\/www.soniaoart.com\/en\/product\/fragile\/\" \/>\n<meta property=\"og:site_name\" content=\"Soniaoart\" \/>\n<meta property=\"article:modified_time\" content=\"2025-04-15T05:34:21+00:00\" \/>\n<meta property=\"og:image\" content=\"https:\/\/www.soniaoart.com\/wp-content\/uploads\/2022\/04\/Fragile-40x30_800-1.jpg\" \/>\n\t<meta property=\"og:image:width\" content=\"800\" \/>\n\t<meta property=\"og:image:height\" content=\"1000\" \/>\n\t<meta property=\"og:image:type\" content=\"image\/jpeg\" \/>\n<meta name=\"twitter:card\" content=\"summary_large_image\" \/>\n<script type=\"application\/ld+json\" class=\"yoast-schema-graph\">{\"@context\":\"https:\\\/\\\/schema.org\",\"@graph\":[{\"@type\":\"WebPage\",\"@id\":\"https:\\\/\\\/www.soniaoart.com\\\/product\\\/fragile\\\/\",\"url\":\"https:\\\/\\\/www.soniaoart.com\\\/product\\\/fragile\\\/\",\"name\":\"Fragile - Soniaoart\",\"isPartOf\":{\"@id\":\"https:\\\/\\\/www.soniaoart.com\\\/fr_fr\\\/#website\"},\"primaryImageOfPage\":{\"@id\":\"https:\\\/\\\/www.soniaoart.com\\\/product\\\/fragile\\\/#primaryimage\"},\"image\":{\"@id\":\"https:\\\/\\\/www.soniaoart.com\\\/product\\\/fragile\\\/#primaryimage\"},\"thumbnailUrl\":\"https:\\\/\\\/www.soniaoart.com\\\/wp-content\\\/uploads\\\/2022\\\/04\\\/Fragile-40x30_800-1.jpg\",\"datePublished\":\"2022-04-30T06:02:14+00:00\",\"dateModified\":\"2025-04-15T05:34:21+00:00\",\"breadcrumb\":{\"@id\":\"https:\\\/\\\/www.soniaoart.com\\\/product\\\/fragile\\\/#breadcrumb\"},\"inLanguage\":\"en-GB\",\"potentialAction\":[{\"@type\":\"ReadAction\",\"target\":[\"https:\\\/\\\/www.soniaoart.com\\\/product\\\/fragile\\\/\"]}]},{\"@type\":\"ImageObject\",\"inLanguage\":\"en-GB\",\"@id\":\"https:\\\/\\\/www.soniaoart.com\\\/product\\\/fragile\\\/#primaryimage\",\"url\":\"https:\\\/\\\/www.soniaoart.com\\\/wp-content\\\/uploads\\\/2022\\\/04\\\/Fragile-40x30_800-1.jpg\",\"contentUrl\":\"https:\\\/\\\/www.soniaoart.com\\\/wp-content\\\/uploads\\\/2022\\\/04\\\/Fragile-40x30_800-1.jpg\",\"width\":800,\"height\":1000},{\"@type\":\"BreadcrumbList\",\"@id\":\"https:\\\/\\\/www.soniaoart.com\\\/product\\\/fragile\\\/#breadcrumb\",\"itemListElement\":[{\"@type\":\"ListItem\",\"position\":1,\"name\":\"Accueil\",\"item\":\"https:\\\/\\\/www.soniaoart.com\\\/fr_fr\\\/\"},{\"@type\":\"ListItem\",\"position\":2,\"name\":\"Shop\",\"item\":\"https:\\\/\\\/www.soniaoart.com\\\/shop\\\/\"},{\"@type\":\"ListItem\",\"position\":3,\"name\":\"Fragile\"}]},{\"@type\":\"WebSite\",\"@id\":\"https:\\\/\\\/www.soniaoart.com\\\/fr_fr\\\/#website\",\"url\":\"https:\\\/\\\/www.soniaoart.com\\\/fr_fr\\\/\",\"name\":\"Soniaoart\",\"description\":\"Artiste Fran\u00e7aise, Peinture sur toiles &amp; Street Art\",\"potentialAction\":[{\"@type\":\"SearchAction\",\"target\":{\"@type\":\"EntryPoint\",\"urlTemplate\":\"https:\\\/\\\/www.soniaoart.com\\\/fr_fr\\\/?s={search_term_string}\"},\"query-input\":{\"@type\":\"PropertyValueSpecification\",\"valueRequired\":true,\"valueName\":\"search_term_string\"}}],\"inLanguage\":\"en-GB\"}]}<\/script>\n<!-- \/ Yoast SEO plugin. -->","yoast_head_json":{"title":"Fragile - Soniaoart","robots":{"index":"index","follow":"follow","max-snippet":"max-snippet:-1","max-image-preview":"max-image-preview:large","max-video-preview":"max-video-preview:-1"},"canonical":"https:\/\/www.soniaoart.com\/en\/product\/fragile\/","og_locale":"en_GB","og_type":"article","og_title":"Fragile - Soniaoart","og_description":"Titre : Fragile Collaboration : Toile r\u00e9alis\u00e9e avec l'artiste SWeb Technique : Peinture acrylique sur toile, posca Support : Ch\u00e2ssis Entoil\u00e9 Dimensions\u00a0: 40x30 cm Finition : Vernis bombe Ann\u00e9e de r\u00e9alisation\u00a0: 2021  &nbsp;  \u0152uvre unique livr\u00e9e avec son certificat d'authenticit\u00e9.  &nbsp;","og_url":"https:\/\/www.soniaoart.com\/en\/product\/fragile\/","og_site_name":"Soniaoart","article_modified_time":"2025-04-15T05:34:21+00:00","og_image":[{"width":800,"height":1000,"url":"https:\/\/www.soniaoart.com\/wp-content\/uploads\/2022\/04\/Fragile-40x30_800-1.jpg","type":"image\/jpeg"}],"twitter_card":"summary_large_image","schema":{"@context":"https:\/\/schema.org","@graph":[{"@type":"WebPage","@id":"https:\/\/www.soniaoart.com\/product\/fragile\/","url":"https:\/\/www.soniaoart.com\/product\/fragile\/","name":"Fragile - Soniaoart","isPartOf":{"@id":"https:\/\/www.soniaoart.com\/fr_fr\/#website"},"primaryImageOfPage":{"@id":"https:\/\/www.soniaoart.com\/product\/fragile\/#primaryimage"},"image":{"@id":"https:\/\/www.soniaoart.com\/product\/fragile\/#primaryimage"},"thumbnailUrl":"https:\/\/www.soniaoart.com\/wp-content\/uploads\/2022\/04\/Fragile-40x30_800-1.jpg","datePublished":"2022-04-30T06:02:14+00:00","dateModified":"2025-04-15T05:34:21+00:00","breadcrumb":{"@id":"https:\/\/www.soniaoart.com\/product\/fragile\/#breadcrumb"},"inLanguage":"en-GB","potentialAction":[{"@type":"ReadAction","target":["https:\/\/www.soniaoart.com\/product\/fragile\/"]}]},{"@type":"ImageObject","inLanguage":"en-GB","@id":"https:\/\/www.soniaoart.com\/product\/fragile\/#primaryimage","url":"https:\/\/www.soniaoart.com\/wp-content\/uploads\/2022\/04\/Fragile-40x30_800-1.jpg","contentUrl":"https:\/\/www.soniaoart.com\/wp-content\/uploads\/2022\/04\/Fragile-40x30_800-1.jpg","width":800,"height":1000},{"@type":"BreadcrumbList","@id":"https:\/\/www.soniaoart.com\/product\/fragile\/#breadcrumb","itemListElement":[{"@type":"ListItem","position":1,"name":"Accueil","item":"https:\/\/www.soniaoart.com\/fr_fr\/"},{"@type":"ListItem","position":2,"name":"Shop","item":"https:\/\/www.soniaoart.com\/shop\/"},{"@type":"ListItem","position":3,"name":"Fragile"}]},{"@type":"WebSite","@id":"https:\/\/www.soniaoart.com\/fr_fr\/#website","url":"https:\/\/www.soniaoart.com\/fr_fr\/","name":"Soniaoart","description":"Artiste Fran\u00e7aise, Peinture sur toiles &amp; Street Art","potentialAction":[{"@type":"SearchAction","target":{"@type":"EntryPoint","urlTemplate":"https:\/\/www.soniaoart.com\/fr_fr\/?s={search_term_string}"},"query-input":{"@type":"PropertyValueSpecification","valueRequired":true,"valueName":"search_term_string"}}],"inLanguage":"en-GB"}]}},"_links":{"self":[{"href":"https:\/\/www.soniaoart.com\/en\/wp-json\/wp\/v2\/product\/4940","targetHints":{"allow":["GET"]}}],"collection":[{"href":"https:\/\/www.soniaoart.com\/en\/wp-json\/wp\/v2\/product"}],"about":[{"href":"https:\/\/www.soniaoart.com\/en\/wp-json\/wp\/v2\/types\/product"}],"wp:featuredmedia":[{"embeddable":true,"href":"https:\/\/www.soniaoart.com\/en\/wp-json\/wp\/v2\/media\/4878"}],"wp:attachment":[{"href":"https:\/\/www.soniaoart.com\/en\/wp-json\/wp\/v2\/media?parent=4940"}],"wp:term":[{"taxonomy":"product_brand","embeddable":true,"href":"https:\/\/www.soniaoart.com\/en\/wp-json\/wp\/v2\/product_brand?post=4940"},{"taxonomy":"product_cat","embeddable":true,"href":"https:\/\/www.soniaoart.com\/en\/wp-json\/wp\/v2\/product_cat?post=4940"},{"taxonomy":"product_tag","embeddable":true,"href":"https:\/\/www.soniaoart.com\/en\/wp-json\/wp\/v2\/product_tag?post=4940"}],"curies":[{"name":"wp","href":"https:\/\/api.w.org\/{rel}","templated":true}]}}